{"id":558,"date":"2014-10-16T22:56:58","date_gmt":"2014-10-16T20:56:58","guid":{"rendered":"http:\/\/artisan-bois-sabots.fr\/wp\/?post_type=product&#038;p=558"},"modified":"2018-05-26T11:48:12","modified_gmt":"2018-05-26T09:48:12","slug":"60-porte-brosse","status":"publish","type":"product","link":"http:\/\/artisan-bois-sabots.fr\/wp\/?product=60-porte-brosse","title":{"rendered":"porte brosse"},"content":{"rendered":"<p>Le porte brosse est en forme de sabot, ouvert sur le devant,\u00a0 muni d&rsquo;une attache qui permet de le suspendre. Hauteur 23 cm ;<\/p>\n<p>il vous permettra aussi de ranger t\u00e9l\u00e9commande, t\u00e9l\u00e9phone&#8230;..<\/p>\n<p><em>Porte-brosses pr\u00e9sent\u00e9s : \u00e0 droite vernis grav\u00e9, \u00e0 gauche teint\u00e9, vernis, grav\u00e9.<br \/>\n<\/em><\/p>\n","protected":false},"excerpt":{"rendered":"<p>Le porte brosse est en forme de sabot, ouvert sur le devant,\u00a0 muni d&rsquo;une attache qui permet de le suspendre. Hauteur 23 cm ; il vous permettra aussi de ranger t\u00e9l\u00e9commande, t\u00e9l\u00e9phone&#8230;.. Porte-brosses pr\u00e9sent\u00e9s : \u00e0 droite vernis grav\u00e9, \u00e0 &hellip; <a href=\"http:\/\/artisan-bois-sabots.fr\/wp\/?product=60-porte-brosse\">Lire la suite\u00ad\u00ad<\/a><\/p>\n","protected":false},"featured_media":871,"comment_status":"closed","ping_status":"closed","template":"","meta":[],"yoast_head":"<!-- This site is optimized with the Yoast SEO plugin v22.8 - https:\/\/yoast.com\/wordpress\/plugins\/seo\/ -->\n<title>porte brosse - Pascal Jusot - Artisan sabotier<\/title>\n<meta name=\"description\" content=\"porte brosse repr\u00e9sentant un sabot demi d\u00e9couvert qui permet de ranger t\u00e9l\u00e9phone, brosses, cl\u00e9s.... \u00e0 suspendre,enti\u00e8rement en bois.\" \/>\n<meta name=\"robots\" content=\"index, follow, max-snippet:-1, max-image-preview:large, max-video-preview:-1\" \/>\n<link rel=\"canonical\" href=\"http:\/\/artisan-bois-sabots.fr\/wp\/?product=60-porte-brosse\" \/>\n<meta property=\"og:locale\" content=\"fr_FR\" \/>\n<meta property=\"og:type\" content=\"article\" \/>\n<meta property=\"og:title\" content=\"porte brosse - Pascal Jusot - Artisan sabotier\" \/>\n<meta property=\"og:description\" content=\"porte brosse repr\u00e9sentant un sabot demi d\u00e9couvert qui permet de ranger t\u00e9l\u00e9phone, brosses, cl\u00e9s.... \u00e0 suspendre,enti\u00e8rement en bois.\" \/>\n<meta property=\"og:url\" content=\"http:\/\/artisan-bois-sabots.fr\/wp\/?product=60-porte-brosse\" \/>\n<meta property=\"og:site_name\" content=\"Pascal Jusot - Artisan sabotier\" \/>\n<meta property=\"article:modified_time\" content=\"2018-05-26T09:48:12+00:00\" \/>\n<meta property=\"og:image\" content=\"http:\/\/artisan-bois-sabots.fr\/wp\/wp-content\/uploads\/2014\/10\/650x650.jpg\" \/>\n\t<meta property=\"og:image:width\" content=\"650\" \/>\n\t<meta property=\"og:image:height\" content=\"650\" \/>\n\t<meta property=\"og:image:type\" content=\"image\/jpeg\" \/>\n<script type=\"application\/ld+json\" class=\"yoast-schema-graph\">{\"@context\":\"https:\/\/schema.org\",\"@graph\":[{\"@type\":\"WebPage\",\"@id\":\"http:\/\/artisan-bois-sabots.fr\/wp\/?product=60-porte-brosse\",\"url\":\"http:\/\/artisan-bois-sabots.fr\/wp\/?product=60-porte-brosse\",\"name\":\"porte brosse - Pascal Jusot - Artisan sabotier\",\"isPartOf\":{\"@id\":\"http:\/\/artisan-bois-sabots.fr\/wp\/#website\"},\"primaryImageOfPage\":{\"@id\":\"http:\/\/artisan-bois-sabots.fr\/wp\/?product=60-porte-brosse#primaryimage\"},\"image\":{\"@id\":\"http:\/\/artisan-bois-sabots.fr\/wp\/?product=60-porte-brosse#primaryimage\"},\"thumbnailUrl\":\"http:\/\/artisan-bois-sabots.fr\/wp\/wp-content\/uploads\/2014\/10\/650x650.jpg\",\"datePublished\":\"2014-10-16T20:56:58+00:00\",\"dateModified\":\"2018-05-26T09:48:12+00:00\",\"description\":\"porte brosse repr\u00e9sentant un sabot demi d\u00e9couvert qui permet de ranger t\u00e9l\u00e9phone, brosses, cl\u00e9s.... \u00e0 suspendre,enti\u00e8rement en bois.\",\"breadcrumb\":{\"@id\":\"http:\/\/artisan-bois-sabots.fr\/wp\/?product=60-porte-brosse#breadcrumb\"},\"inLanguage\":\"fr-FR\",\"potentialAction\":[{\"@type\":\"ReadAction\",\"target\":[\"http:\/\/artisan-bois-sabots.fr\/wp\/?product=60-porte-brosse\"]}]},{\"@type\":\"ImageObject\",\"inLanguage\":\"fr-FR\",\"@id\":\"http:\/\/artisan-bois-sabots.fr\/wp\/?product=60-porte-brosse#primaryimage\",\"url\":\"http:\/\/artisan-bois-sabots.fr\/wp\/wp-content\/uploads\/2014\/10\/650x650.jpg\",\"contentUrl\":\"http:\/\/artisan-bois-sabots.fr\/wp\/wp-content\/uploads\/2014\/10\/650x650.jpg\",\"width\":650,\"height\":650,\"caption\":\"porte_brosse\"},{\"@type\":\"BreadcrumbList\",\"@id\":\"http:\/\/artisan-bois-sabots.fr\/wp\/?product=60-porte-brosse#breadcrumb\",\"itemListElement\":[{\"@type\":\"ListItem\",\"position\":1,\"name\":\"Accueil\",\"item\":\"http:\/\/artisan-bois-sabots.fr\/wp\"},{\"@type\":\"ListItem\",\"position\":2,\"name\":\"Boutique\",\"item\":\"http:\/\/artisan-bois-sabots.fr\/wp\/?page_id=7\"},{\"@type\":\"ListItem\",\"position\":3,\"name\":\"porte brosse\"}]},{\"@type\":\"WebSite\",\"@id\":\"http:\/\/artisan-bois-sabots.fr\/wp\/#website\",\"url\":\"http:\/\/artisan-bois-sabots.fr\/wp\/\",\"name\":\"Pascal Jusot - Artisan sabotier\",\"description\":\"Sabots en bois - Ari\u00e8ge - Pyr\u00e9n\u00e9es\",\"potentialAction\":[{\"@type\":\"SearchAction\",\"target\":{\"@type\":\"EntryPoint\",\"urlTemplate\":\"http:\/\/artisan-bois-sabots.fr\/wp\/?s={search_term_string}\"},\"query-input\":\"required name=search_term_string\"}],\"inLanguage\":\"fr-FR\"}]}<\/script>\n<!-- \/ Yoast SEO plugin. -->","yoast_head_json":{"title":"porte brosse - Pascal Jusot - Artisan sabotier","description":"porte brosse repr\u00e9sentant un sabot demi d\u00e9couvert qui permet de ranger t\u00e9l\u00e9phone, brosses, cl\u00e9s.... \u00e0 suspendre,enti\u00e8rement en bois.","robots":{"index":"index","follow":"follow","max-snippet":"max-snippet:-1","max-image-preview":"max-image-preview:large","max-video-preview":"max-video-preview:-1"},"canonical":"http:\/\/artisan-bois-sabots.fr\/wp\/?product=60-porte-brosse","og_locale":"fr_FR","og_type":"article","og_title":"porte brosse - Pascal Jusot - Artisan sabotier","og_description":"porte brosse repr\u00e9sentant un sabot demi d\u00e9couvert qui permet de ranger t\u00e9l\u00e9phone, brosses, cl\u00e9s.... \u00e0 suspendre,enti\u00e8rement en bois.","og_url":"http:\/\/artisan-bois-sabots.fr\/wp\/?product=60-porte-brosse","og_site_name":"Pascal Jusot - Artisan sabotier","article_modified_time":"2018-05-26T09:48:12+00:00","og_image":[{"width":650,"height":650,"url":"http:\/\/artisan-bois-sabots.fr\/wp\/wp-content\/uploads\/2014\/10\/650x650.jpg","type":"image\/jpeg"}],"schema":{"@context":"https:\/\/schema.org","@graph":[{"@type":"WebPage","@id":"http:\/\/artisan-bois-sabots.fr\/wp\/?product=60-porte-brosse","url":"http:\/\/artisan-bois-sabots.fr\/wp\/?product=60-porte-brosse","name":"porte brosse - Pascal Jusot - Artisan sabotier","isPartOf":{"@id":"http:\/\/artisan-bois-sabots.fr\/wp\/#website"},"primaryImageOfPage":{"@id":"http:\/\/artisan-bois-sabots.fr\/wp\/?product=60-porte-brosse#primaryimage"},"image":{"@id":"http:\/\/artisan-bois-sabots.fr\/wp\/?product=60-porte-brosse#primaryimage"},"thumbnailUrl":"http:\/\/artisan-bois-sabots.fr\/wp\/wp-content\/uploads\/2014\/10\/650x650.jpg","datePublished":"2014-10-16T20:56:58+00:00","dateModified":"2018-05-26T09:48:12+00:00","description":"porte brosse repr\u00e9sentant un sabot demi d\u00e9couvert qui permet de ranger t\u00e9l\u00e9phone, brosses, cl\u00e9s.... \u00e0 suspendre,enti\u00e8rement en bois.","breadcrumb":{"@id":"http:\/\/artisan-bois-sabots.fr\/wp\/?product=60-porte-brosse#breadcrumb"},"inLanguage":"fr-FR","potentialAction":[{"@type":"ReadAction","target":["http:\/\/artisan-bois-sabots.fr\/wp\/?product=60-porte-brosse"]}]},{"@type":"ImageObject","inLanguage":"fr-FR","@id":"http:\/\/artisan-bois-sabots.fr\/wp\/?product=60-porte-brosse#primaryimage","url":"http:\/\/artisan-bois-sabots.fr\/wp\/wp-content\/uploads\/2014\/10\/650x650.jpg","contentUrl":"http:\/\/artisan-bois-sabots.fr\/wp\/wp-content\/uploads\/2014\/10\/650x650.jpg","width":650,"height":650,"caption":"porte_brosse"},{"@type":"BreadcrumbList","@id":"http:\/\/artisan-bois-sabots.fr\/wp\/?product=60-porte-brosse#breadcrumb","itemListElement":[{"@type":"ListItem","position":1,"name":"Accueil","item":"http:\/\/artisan-bois-sabots.fr\/wp"},{"@type":"ListItem","position":2,"name":"Boutique","item":"http:\/\/artisan-bois-sabots.fr\/wp\/?page_id=7"},{"@type":"ListItem","position":3,"name":"porte brosse"}]},{"@type":"WebSite","@id":"http:\/\/artisan-bois-sabots.fr\/wp\/#website","url":"http:\/\/artisan-bois-sabots.fr\/wp\/","name":"Pascal Jusot - Artisan sabotier","description":"Sabots en bois - Ari\u00e8ge - Pyr\u00e9n\u00e9es","potentialAction":[{"@type":"SearchAction","target":{"@type":"EntryPoint","urlTemplate":"http:\/\/artisan-bois-sabots.fr\/wp\/?s={search_term_string}"},"query-input":"required name=search_term_string"}],"inLanguage":"fr-FR"}]}},"_links":{"self":[{"href":"http:\/\/artisan-bois-sabots.fr\/wp\/index.php?rest_route=\/wp\/v2\/product\/558"}],"collection":[{"href":"http:\/\/artisan-bois-sabots.fr\/wp\/index.php?rest_route=\/wp\/v2\/product"}],"about":[{"href":"http:\/\/artisan-bois-sabots.fr\/wp\/index.php?rest_route=\/wp\/v2\/types\/product"}],"replies":[{"embeddable":true,"href":"http:\/\/artisan-bois-sabots.fr\/wp\/index.php?rest_route=%2Fwp%2Fv2%2Fcomments&post=558"}],"wp:featuredmedia":[{"embeddable":true,"href":"http:\/\/artisan-bois-sabots.fr\/wp\/index.php?rest_route=\/wp\/v2\/media\/871"}],"wp:attachment":[{"href":"http:\/\/artisan-bois-sabots.fr\/wp\/index.php?rest_route=%2Fwp%2Fv2%2Fmedia&parent=558"}],"curies":[{"name":"wp","href":"https:\/\/api.w.org\/{rel}","templated":true}]}}