{"id":548,"date":"2014-10-16T22:45:25","date_gmt":"2014-10-16T20:45:25","guid":{"rendered":"http:\/\/artisan-bois-sabots.fr\/wp\/?post_type=product&#038;p=548"},"modified":"2018-05-26T11:49:36","modified_gmt":"2018-05-26T09:49:36","slug":"65-porte-couteaux","status":"publish","type":"product","link":"http:\/\/artisan-bois-sabots.fr\/wp\/?product=65-porte-couteaux","title":{"rendered":"Porte couteaux"},"content":{"rendered":"<p>Ce porte couteaux se compose d&rsquo;un sabot sur socle &#8211;\u00a0 Hauteur 27 cm &#8211;<\/p>\n<p>vous pouvez acheter avec ou sans les 6 couteaux &#8211;<\/p>\n<p>Il peut servir aussi de support pour les ustensiles de cuisine&#8230;&#8230;<\/p>\n<p><em>Les deux porte couteaux pr\u00e9sent\u00e9s sont<\/em><\/p>\n<p><em>\u00a0 \u00a0 \u00e0 droite vernis grav\u00e9, <\/em><\/p>\n<p><em>\u00a0 \u00a0 \u00e0 gauche teint\u00e9 vernis grav\u00e9.<\/em><\/p>\n","protected":false},"excerpt":{"rendered":"<p>Ce porte couteaux se compose d&rsquo;un sabot sur socle &#8211;\u00a0 Hauteur 27 cm &#8211; vous pouvez acheter avec ou sans les 6 couteaux &#8211; Il peut servir aussi de support pour les ustensiles de cuisine&#8230;&#8230; Les deux porte couteaux pr\u00e9sent\u00e9s &hellip; <a href=\"http:\/\/artisan-bois-sabots.fr\/wp\/?product=65-porte-couteaux\">Lire la suite\u00ad\u00ad<\/a><\/p>\n","protected":false},"featured_media":882,"comment_status":"closed","ping_status":"closed","template":"","meta":[],"yoast_head":"<!-- This site is optimized with the Yoast SEO plugin v22.8 - https:\/\/yoast.com\/wordpress\/plugins\/seo\/ -->\n<title>Porte couteaux - Pascal Jusot - Artisan sabotier<\/title>\n<meta name=\"description\" content=\"Ce sabot porte couteaux est constitu\u00e9 d&#039;un sabot pos\u00e9 sur socle triangulaire permet de recevoir couteaux, ustensiles de cuisine...\" \/>\n<meta name=\"robots\" content=\"index, follow, max-snippet:-1, max-image-preview:large, max-video-preview:-1\" \/>\n<link rel=\"canonical\" href=\"http:\/\/artisan-bois-sabots.fr\/wp\/?product=65-porte-couteaux\" \/>\n<meta property=\"og:locale\" content=\"fr_FR\" \/>\n<meta property=\"og:type\" content=\"article\" \/>\n<meta property=\"og:title\" content=\"Porte couteaux - Pascal Jusot - Artisan sabotier\" \/>\n<meta property=\"og:description\" content=\"Ce sabot porte couteaux est constitu\u00e9 d&#039;un sabot pos\u00e9 sur socle triangulaire permet de recevoir couteaux, ustensiles de cuisine...\" \/>\n<meta property=\"og:url\" content=\"http:\/\/artisan-bois-sabots.fr\/wp\/?product=65-porte-couteaux\" \/>\n<meta property=\"og:site_name\" content=\"Pascal Jusot - Artisan sabotier\" \/>\n<meta property=\"article:modified_time\" content=\"2018-05-26T09:49:36+00:00\" \/>\n<meta property=\"og:image\" content=\"http:\/\/artisan-bois-sabots.fr\/wp\/wp-content\/uploads\/2014\/10\/portecouteau650x650.jpg\" \/>\n\t<meta property=\"og:image:width\" content=\"650\" \/>\n\t<meta property=\"og:image:height\" content=\"650\" \/>\n\t<meta property=\"og:image:type\" content=\"image\/jpeg\" \/>\n<script type=\"application\/ld+json\" class=\"yoast-schema-graph\">{\"@context\":\"https:\/\/schema.org\",\"@graph\":[{\"@type\":\"WebPage\",\"@id\":\"http:\/\/artisan-bois-sabots.fr\/wp\/?product=65-porte-couteaux\",\"url\":\"http:\/\/artisan-bois-sabots.fr\/wp\/?product=65-porte-couteaux\",\"name\":\"Porte couteaux - Pascal Jusot - Artisan sabotier\",\"isPartOf\":{\"@id\":\"http:\/\/artisan-bois-sabots.fr\/wp\/#website\"},\"primaryImageOfPage\":{\"@id\":\"http:\/\/artisan-bois-sabots.fr\/wp\/?product=65-porte-couteaux#primaryimage\"},\"image\":{\"@id\":\"http:\/\/artisan-bois-sabots.fr\/wp\/?product=65-porte-couteaux#primaryimage\"},\"thumbnailUrl\":\"http:\/\/artisan-bois-sabots.fr\/wp\/wp-content\/uploads\/2014\/10\/portecouteau650x650.jpg\",\"datePublished\":\"2014-10-16T20:45:25+00:00\",\"dateModified\":\"2018-05-26T09:49:36+00:00\",\"description\":\"Ce sabot porte couteaux est constitu\u00e9 d'un sabot pos\u00e9 sur socle triangulaire permet de recevoir couteaux, ustensiles de cuisine...\",\"breadcrumb\":{\"@id\":\"http:\/\/artisan-bois-sabots.fr\/wp\/?product=65-porte-couteaux#breadcrumb\"},\"inLanguage\":\"fr-FR\",\"potentialAction\":[{\"@type\":\"ReadAction\",\"target\":[\"http:\/\/artisan-bois-sabots.fr\/wp\/?product=65-porte-couteaux\"]}]},{\"@type\":\"ImageObject\",\"inLanguage\":\"fr-FR\",\"@id\":\"http:\/\/artisan-bois-sabots.fr\/wp\/?product=65-porte-couteaux#primaryimage\",\"url\":\"http:\/\/artisan-bois-sabots.fr\/wp\/wp-content\/uploads\/2014\/10\/portecouteau650x650.jpg\",\"contentUrl\":\"http:\/\/artisan-bois-sabots.fr\/wp\/wp-content\/uploads\/2014\/10\/portecouteau650x650.jpg\",\"width\":650,\"height\":650,\"caption\":\"sabot porte couteaux\"},{\"@type\":\"BreadcrumbList\",\"@id\":\"http:\/\/artisan-bois-sabots.fr\/wp\/?product=65-porte-couteaux#breadcrumb\",\"itemListElement\":[{\"@type\":\"ListItem\",\"position\":1,\"name\":\"Accueil\",\"item\":\"http:\/\/artisan-bois-sabots.fr\/wp\"},{\"@type\":\"ListItem\",\"position\":2,\"name\":\"Boutique\",\"item\":\"http:\/\/artisan-bois-sabots.fr\/wp\/?page_id=7\"},{\"@type\":\"ListItem\",\"position\":3,\"name\":\"Porte couteaux\"}]},{\"@type\":\"WebSite\",\"@id\":\"http:\/\/artisan-bois-sabots.fr\/wp\/#website\",\"url\":\"http:\/\/artisan-bois-sabots.fr\/wp\/\",\"name\":\"Pascal Jusot - Artisan sabotier\",\"description\":\"Sabots en bois - Ari\u00e8ge - Pyr\u00e9n\u00e9es\",\"potentialAction\":[{\"@type\":\"SearchAction\",\"target\":{\"@type\":\"EntryPoint\",\"urlTemplate\":\"http:\/\/artisan-bois-sabots.fr\/wp\/?s={search_term_string}\"},\"query-input\":\"required name=search_term_string\"}],\"inLanguage\":\"fr-FR\"}]}<\/script>\n<!-- \/ Yoast SEO plugin. -->","yoast_head_json":{"title":"Porte couteaux - Pascal Jusot - Artisan sabotier","description":"Ce sabot porte couteaux est constitu\u00e9 d'un sabot pos\u00e9 sur socle triangulaire permet de recevoir couteaux, ustensiles de cuisine...","robots":{"index":"index","follow":"follow","max-snippet":"max-snippet:-1","max-image-preview":"max-image-preview:large","max-video-preview":"max-video-preview:-1"},"canonical":"http:\/\/artisan-bois-sabots.fr\/wp\/?product=65-porte-couteaux","og_locale":"fr_FR","og_type":"article","og_title":"Porte couteaux - Pascal Jusot - Artisan sabotier","og_description":"Ce sabot porte couteaux est constitu\u00e9 d'un sabot pos\u00e9 sur socle triangulaire permet de recevoir couteaux, ustensiles de cuisine...","og_url":"http:\/\/artisan-bois-sabots.fr\/wp\/?product=65-porte-couteaux","og_site_name":"Pascal Jusot - Artisan sabotier","article_modified_time":"2018-05-26T09:49:36+00:00","og_image":[{"width":650,"height":650,"url":"http:\/\/artisan-bois-sabots.fr\/wp\/wp-content\/uploads\/2014\/10\/portecouteau650x650.jpg","type":"image\/jpeg"}],"schema":{"@context":"https:\/\/schema.org","@graph":[{"@type":"WebPage","@id":"http:\/\/artisan-bois-sabots.fr\/wp\/?product=65-porte-couteaux","url":"http:\/\/artisan-bois-sabots.fr\/wp\/?product=65-porte-couteaux","name":"Porte couteaux - Pascal Jusot - Artisan sabotier","isPartOf":{"@id":"http:\/\/artisan-bois-sabots.fr\/wp\/#website"},"primaryImageOfPage":{"@id":"http:\/\/artisan-bois-sabots.fr\/wp\/?product=65-porte-couteaux#primaryimage"},"image":{"@id":"http:\/\/artisan-bois-sabots.fr\/wp\/?product=65-porte-couteaux#primaryimage"},"thumbnailUrl":"http:\/\/artisan-bois-sabots.fr\/wp\/wp-content\/uploads\/2014\/10\/portecouteau650x650.jpg","datePublished":"2014-10-16T20:45:25+00:00","dateModified":"2018-05-26T09:49:36+00:00","description":"Ce sabot porte couteaux est constitu\u00e9 d'un sabot pos\u00e9 sur socle triangulaire permet de recevoir couteaux, ustensiles de cuisine...","breadcrumb":{"@id":"http:\/\/artisan-bois-sabots.fr\/wp\/?product=65-porte-couteaux#breadcrumb"},"inLanguage":"fr-FR","potentialAction":[{"@type":"ReadAction","target":["http:\/\/artisan-bois-sabots.fr\/wp\/?product=65-porte-couteaux"]}]},{"@type":"ImageObject","inLanguage":"fr-FR","@id":"http:\/\/artisan-bois-sabots.fr\/wp\/?product=65-porte-couteaux#primaryimage","url":"http:\/\/artisan-bois-sabots.fr\/wp\/wp-content\/uploads\/2014\/10\/portecouteau650x650.jpg","contentUrl":"http:\/\/artisan-bois-sabots.fr\/wp\/wp-content\/uploads\/2014\/10\/portecouteau650x650.jpg","width":650,"height":650,"caption":"sabot porte couteaux"},{"@type":"BreadcrumbList","@id":"http:\/\/artisan-bois-sabots.fr\/wp\/?product=65-porte-couteaux#breadcrumb","itemListElement":[{"@type":"ListItem","position":1,"name":"Accueil","item":"http:\/\/artisan-bois-sabots.fr\/wp"},{"@type":"ListItem","position":2,"name":"Boutique","item":"http:\/\/artisan-bois-sabots.fr\/wp\/?page_id=7"},{"@type":"ListItem","position":3,"name":"Porte couteaux"}]},{"@type":"WebSite","@id":"http:\/\/artisan-bois-sabots.fr\/wp\/#website","url":"http:\/\/artisan-bois-sabots.fr\/wp\/","name":"Pascal Jusot - Artisan sabotier","description":"Sabots en bois - Ari\u00e8ge - Pyr\u00e9n\u00e9es","potentialAction":[{"@type":"SearchAction","target":{"@type":"EntryPoint","urlTemplate":"http:\/\/artisan-bois-sabots.fr\/wp\/?s={search_term_string}"},"query-input":"required name=search_term_string"}],"inLanguage":"fr-FR"}]}},"_links":{"self":[{"href":"http:\/\/artisan-bois-sabots.fr\/wp\/index.php?rest_route=\/wp\/v2\/product\/548"}],"collection":[{"href":"http:\/\/artisan-bois-sabots.fr\/wp\/index.php?rest_route=\/wp\/v2\/product"}],"about":[{"href":"http:\/\/artisan-bois-sabots.fr\/wp\/index.php?rest_route=\/wp\/v2\/types\/product"}],"replies":[{"embeddable":true,"href":"http:\/\/artisan-bois-sabots.fr\/wp\/index.php?rest_route=%2Fwp%2Fv2%2Fcomments&post=548"}],"wp:featuredmedia":[{"embeddable":true,"href":"http:\/\/artisan-bois-sabots.fr\/wp\/index.php?rest_route=\/wp\/v2\/media\/882"}],"wp:attachment":[{"href":"http:\/\/artisan-bois-sabots.fr\/wp\/index.php?rest_route=%2Fwp%2Fv2%2Fmedia&parent=548"}],"curies":[{"name":"wp","href":"https:\/\/api.w.org\/{rel}","templated":true}]}}