{"id":543,"date":"2014-10-16T22:34:18","date_gmt":"2014-10-16T20:34:18","guid":{"rendered":"http:\/\/artisan-bois-sabots.fr\/wp\/?post_type=product&#038;p=543"},"modified":"2018-05-26T11:50:46","modified_gmt":"2018-05-26T09:50:46","slug":"50-tire-bouchon","status":"publish","type":"product","link":"http:\/\/artisan-bois-sabots.fr\/wp\/?product=50-tire-bouchon","title":{"rendered":"Tire bouchon"},"content":{"rendered":"<p>Tire bouchon constitu\u00e9 d&rsquo;un petit sabot bois qui permet une bonne prise en main ;<\/p>\n<p>avec tige en inox de qualit\u00e9.<\/p>\n<p><em>Le tire bouchon\u00a0 pr\u00e9sent\u00e9 est vernis, grav\u00e9<\/em>.<\/p>\n","protected":false},"excerpt":{"rendered":"<p>Tire bouchon constitu\u00e9 d&rsquo;un petit sabot bois qui permet une bonne prise en main ; avec tige en inox de qualit\u00e9. Le tire bouchon\u00a0 pr\u00e9sent\u00e9 est vernis, grav\u00e9.<\/p>\n","protected":false},"featured_media":887,"comment_status":"closed","ping_status":"closed","template":"","meta":[],"yoast_head":"<!-- This site is optimized with the Yoast SEO plugin v22.8 - https:\/\/yoast.com\/wordpress\/plugins\/seo\/ -->\n<title>Tire bouchon - Pascal Jusot - Artisan sabotier<\/title>\n<meta name=\"description\" content=\"Petit sabot qui fait office de tire bouchon avec tige en inox - permet une bonne prise en main pour tirer le bouchon.\" \/>\n<meta name=\"robots\" content=\"index, follow, max-snippet:-1, max-image-preview:large, max-video-preview:-1\" \/>\n<link rel=\"canonical\" href=\"http:\/\/artisan-bois-sabots.fr\/wp\/?product=50-tire-bouchon\" \/>\n<meta property=\"og:locale\" content=\"fr_FR\" \/>\n<meta property=\"og:type\" content=\"article\" \/>\n<meta property=\"og:title\" content=\"Tire bouchon - Pascal Jusot - Artisan sabotier\" \/>\n<meta property=\"og:description\" content=\"Petit sabot qui fait office de tire bouchon avec tige en inox - permet une bonne prise en main pour tirer le bouchon.\" \/>\n<meta property=\"og:url\" content=\"http:\/\/artisan-bois-sabots.fr\/wp\/?product=50-tire-bouchon\" \/>\n<meta property=\"og:site_name\" content=\"Pascal Jusot - Artisan sabotier\" \/>\n<meta property=\"article:modified_time\" content=\"2018-05-26T09:50:46+00:00\" \/>\n<meta property=\"og:image\" content=\"http:\/\/artisan-bois-sabots.fr\/wp\/wp-content\/uploads\/2014\/10\/tirebouchon650.jpg\" \/>\n\t<meta property=\"og:image:width\" content=\"650\" \/>\n\t<meta property=\"og:image:height\" content=\"650\" \/>\n\t<meta property=\"og:image:type\" content=\"image\/jpeg\" \/>\n<script type=\"application\/ld+json\" class=\"yoast-schema-graph\">{\"@context\":\"https:\/\/schema.org\",\"@graph\":[{\"@type\":\"WebPage\",\"@id\":\"http:\/\/artisan-bois-sabots.fr\/wp\/?product=50-tire-bouchon\",\"url\":\"http:\/\/artisan-bois-sabots.fr\/wp\/?product=50-tire-bouchon\",\"name\":\"Tire bouchon - Pascal Jusot - Artisan sabotier\",\"isPartOf\":{\"@id\":\"http:\/\/artisan-bois-sabots.fr\/wp\/#website\"},\"primaryImageOfPage\":{\"@id\":\"http:\/\/artisan-bois-sabots.fr\/wp\/?product=50-tire-bouchon#primaryimage\"},\"image\":{\"@id\":\"http:\/\/artisan-bois-sabots.fr\/wp\/?product=50-tire-bouchon#primaryimage\"},\"thumbnailUrl\":\"http:\/\/artisan-bois-sabots.fr\/wp\/wp-content\/uploads\/2014\/10\/tirebouchon650.jpg\",\"datePublished\":\"2014-10-16T20:34:18+00:00\",\"dateModified\":\"2018-05-26T09:50:46+00:00\",\"description\":\"Petit sabot qui fait office de tire bouchon avec tige en inox - permet une bonne prise en main pour tirer le bouchon.\",\"breadcrumb\":{\"@id\":\"http:\/\/artisan-bois-sabots.fr\/wp\/?product=50-tire-bouchon#breadcrumb\"},\"inLanguage\":\"fr-FR\",\"potentialAction\":[{\"@type\":\"ReadAction\",\"target\":[\"http:\/\/artisan-bois-sabots.fr\/wp\/?product=50-tire-bouchon\"]}]},{\"@type\":\"ImageObject\",\"inLanguage\":\"fr-FR\",\"@id\":\"http:\/\/artisan-bois-sabots.fr\/wp\/?product=50-tire-bouchon#primaryimage\",\"url\":\"http:\/\/artisan-bois-sabots.fr\/wp\/wp-content\/uploads\/2014\/10\/tirebouchon650.jpg\",\"contentUrl\":\"http:\/\/artisan-bois-sabots.fr\/wp\/wp-content\/uploads\/2014\/10\/tirebouchon650.jpg\",\"width\":650,\"height\":650,\"caption\":\"sabot tire bouchon\"},{\"@type\":\"BreadcrumbList\",\"@id\":\"http:\/\/artisan-bois-sabots.fr\/wp\/?product=50-tire-bouchon#breadcrumb\",\"itemListElement\":[{\"@type\":\"ListItem\",\"position\":1,\"name\":\"Accueil\",\"item\":\"http:\/\/artisan-bois-sabots.fr\/wp\"},{\"@type\":\"ListItem\",\"position\":2,\"name\":\"Boutique\",\"item\":\"http:\/\/artisan-bois-sabots.fr\/wp\/?page_id=7\"},{\"@type\":\"ListItem\",\"position\":3,\"name\":\"Tire bouchon\"}]},{\"@type\":\"WebSite\",\"@id\":\"http:\/\/artisan-bois-sabots.fr\/wp\/#website\",\"url\":\"http:\/\/artisan-bois-sabots.fr\/wp\/\",\"name\":\"Pascal Jusot - Artisan sabotier\",\"description\":\"Sabots en bois - Ari\u00e8ge - Pyr\u00e9n\u00e9es\",\"potentialAction\":[{\"@type\":\"SearchAction\",\"target\":{\"@type\":\"EntryPoint\",\"urlTemplate\":\"http:\/\/artisan-bois-sabots.fr\/wp\/?s={search_term_string}\"},\"query-input\":\"required name=search_term_string\"}],\"inLanguage\":\"fr-FR\"}]}<\/script>\n<!-- \/ Yoast SEO plugin. -->","yoast_head_json":{"title":"Tire bouchon - Pascal Jusot - Artisan sabotier","description":"Petit sabot qui fait office de tire bouchon avec tige en inox - permet une bonne prise en main pour tirer le bouchon.","robots":{"index":"index","follow":"follow","max-snippet":"max-snippet:-1","max-image-preview":"max-image-preview:large","max-video-preview":"max-video-preview:-1"},"canonical":"http:\/\/artisan-bois-sabots.fr\/wp\/?product=50-tire-bouchon","og_locale":"fr_FR","og_type":"article","og_title":"Tire bouchon - Pascal Jusot - Artisan sabotier","og_description":"Petit sabot qui fait office de tire bouchon avec tige en inox - permet une bonne prise en main pour tirer le bouchon.","og_url":"http:\/\/artisan-bois-sabots.fr\/wp\/?product=50-tire-bouchon","og_site_name":"Pascal Jusot - Artisan sabotier","article_modified_time":"2018-05-26T09:50:46+00:00","og_image":[{"width":650,"height":650,"url":"http:\/\/artisan-bois-sabots.fr\/wp\/wp-content\/uploads\/2014\/10\/tirebouchon650.jpg","type":"image\/jpeg"}],"schema":{"@context":"https:\/\/schema.org","@graph":[{"@type":"WebPage","@id":"http:\/\/artisan-bois-sabots.fr\/wp\/?product=50-tire-bouchon","url":"http:\/\/artisan-bois-sabots.fr\/wp\/?product=50-tire-bouchon","name":"Tire bouchon - Pascal Jusot - Artisan sabotier","isPartOf":{"@id":"http:\/\/artisan-bois-sabots.fr\/wp\/#website"},"primaryImageOfPage":{"@id":"http:\/\/artisan-bois-sabots.fr\/wp\/?product=50-tire-bouchon#primaryimage"},"image":{"@id":"http:\/\/artisan-bois-sabots.fr\/wp\/?product=50-tire-bouchon#primaryimage"},"thumbnailUrl":"http:\/\/artisan-bois-sabots.fr\/wp\/wp-content\/uploads\/2014\/10\/tirebouchon650.jpg","datePublished":"2014-10-16T20:34:18+00:00","dateModified":"2018-05-26T09:50:46+00:00","description":"Petit sabot qui fait office de tire bouchon avec tige en inox - permet une bonne prise en main pour tirer le bouchon.","breadcrumb":{"@id":"http:\/\/artisan-bois-sabots.fr\/wp\/?product=50-tire-bouchon#breadcrumb"},"inLanguage":"fr-FR","potentialAction":[{"@type":"ReadAction","target":["http:\/\/artisan-bois-sabots.fr\/wp\/?product=50-tire-bouchon"]}]},{"@type":"ImageObject","inLanguage":"fr-FR","@id":"http:\/\/artisan-bois-sabots.fr\/wp\/?product=50-tire-bouchon#primaryimage","url":"http:\/\/artisan-bois-sabots.fr\/wp\/wp-content\/uploads\/2014\/10\/tirebouchon650.jpg","contentUrl":"http:\/\/artisan-bois-sabots.fr\/wp\/wp-content\/uploads\/2014\/10\/tirebouchon650.jpg","width":650,"height":650,"caption":"sabot tire bouchon"},{"@type":"BreadcrumbList","@id":"http:\/\/artisan-bois-sabots.fr\/wp\/?product=50-tire-bouchon#breadcrumb","itemListElement":[{"@type":"ListItem","position":1,"name":"Accueil","item":"http:\/\/artisan-bois-sabots.fr\/wp"},{"@type":"ListItem","position":2,"name":"Boutique","item":"http:\/\/artisan-bois-sabots.fr\/wp\/?page_id=7"},{"@type":"ListItem","position":3,"name":"Tire bouchon"}]},{"@type":"WebSite","@id":"http:\/\/artisan-bois-sabots.fr\/wp\/#website","url":"http:\/\/artisan-bois-sabots.fr\/wp\/","name":"Pascal Jusot - Artisan sabotier","description":"Sabots en bois - Ari\u00e8ge - Pyr\u00e9n\u00e9es","potentialAction":[{"@type":"SearchAction","target":{"@type":"EntryPoint","urlTemplate":"http:\/\/artisan-bois-sabots.fr\/wp\/?s={search_term_string}"},"query-input":"required name=search_term_string"}],"inLanguage":"fr-FR"}]}},"_links":{"self":[{"href":"http:\/\/artisan-bois-sabots.fr\/wp\/index.php?rest_route=\/wp\/v2\/product\/543"}],"collection":[{"href":"http:\/\/artisan-bois-sabots.fr\/wp\/index.php?rest_route=\/wp\/v2\/product"}],"about":[{"href":"http:\/\/artisan-bois-sabots.fr\/wp\/index.php?rest_route=\/wp\/v2\/types\/product"}],"replies":[{"embeddable":true,"href":"http:\/\/artisan-bois-sabots.fr\/wp\/index.php?rest_route=%2Fwp%2Fv2%2Fcomments&post=543"}],"wp:featuredmedia":[{"embeddable":true,"href":"http:\/\/artisan-bois-sabots.fr\/wp\/index.php?rest_route=\/wp\/v2\/media\/887"}],"wp:attachment":[{"href":"http:\/\/artisan-bois-sabots.fr\/wp\/index.php?rest_route=%2Fwp%2Fv2%2Fmedia&parent=543"}],"curies":[{"name":"wp","href":"https:\/\/api.w.org\/{rel}","templated":true}]}}