{"id":533,"date":"2014-10-16T22:23:08","date_gmt":"2014-10-16T20:23:08","guid":{"rendered":"http:\/\/artisan-bois-sabots.fr\/wp\/?post_type=product&#038;p=533"},"modified":"2014-11-17T15:44:48","modified_gmt":"2014-11-17T14:44:48","slug":"70-porte-crayons","status":"publish","type":"product","link":"http:\/\/artisan-bois-sabots.fr\/wp\/?product=70-porte-crayons","title":{"rendered":"Porte crayons"},"content":{"rendered":"<p>le porte crayons est compos\u00e9 d&rsquo;un sabot vertical sur socle triangulaire &#8211;\u00a0 hauteur 18cm<\/p>\n<p><em>le porte crayons pr\u00e9sent\u00e9 est teint\u00e9, vernis, grav\u00e9.<\/em><\/p>\n","protected":false},"excerpt":{"rendered":"<p>le porte crayons est compos\u00e9 d&rsquo;un sabot vertical sur socle triangulaire &#8211;\u00a0 hauteur 18cm le porte crayons pr\u00e9sent\u00e9 est teint\u00e9, vernis, grav\u00e9.<\/p>\n","protected":false},"featured_media":885,"comment_status":"closed","ping_status":"closed","template":"","meta":[],"yoast_head":"<!-- This site is optimized with the Yoast SEO plugin v22.8 - https:\/\/yoast.com\/wordpress\/plugins\/seo\/ -->\n<title>Porte crayons - Pascal Jusot - Artisan sabotier<\/title>\n<meta name=\"description\" content=\"un sabot porte crayon sur socle triangulaire permet de ranger les crayons ou diff\u00e9rentes choses : cl\u00e9s, petits objets, vide poche......\" \/>\n<meta name=\"robots\" content=\"index, follow, max-snippet:-1, max-image-preview:large, max-video-preview:-1\" \/>\n<link rel=\"canonical\" href=\"https:\/\/artisan-bois-sabots.fr\/wp\/?product=70-porte-crayons\" \/>\n<meta property=\"og:locale\" content=\"fr_FR\" \/>\n<meta property=\"og:type\" content=\"article\" \/>\n<meta property=\"og:title\" content=\"Porte crayons - Pascal Jusot - Artisan sabotier\" \/>\n<meta property=\"og:description\" content=\"un sabot porte crayon sur socle triangulaire permet de ranger les crayons ou diff\u00e9rentes choses : cl\u00e9s, petits objets, vide poche......\" \/>\n<meta property=\"og:url\" content=\"https:\/\/artisan-bois-sabots.fr\/wp\/?product=70-porte-crayons\" \/>\n<meta property=\"og:site_name\" content=\"Pascal Jusot - Artisan sabotier\" \/>\n<meta property=\"article:modified_time\" content=\"2014-11-17T14:44:48+00:00\" \/>\n<meta property=\"og:image\" content=\"https:\/\/artisan-bois-sabots.fr\/wp\/wp-content\/uploads\/2014\/10\/portecrayonvrt650.jpg\" \/>\n\t<meta property=\"og:image:width\" content=\"650\" \/>\n\t<meta property=\"og:image:height\" content=\"650\" \/>\n\t<meta property=\"og:image:type\" content=\"image\/jpeg\" \/>\n<script type=\"application\/ld+json\" class=\"yoast-schema-graph\">{\"@context\":\"https:\/\/schema.org\",\"@graph\":[{\"@type\":\"WebPage\",\"@id\":\"https:\/\/artisan-bois-sabots.fr\/wp\/?product=70-porte-crayons\",\"url\":\"https:\/\/artisan-bois-sabots.fr\/wp\/?product=70-porte-crayons\",\"name\":\"Porte crayons - Pascal Jusot - Artisan sabotier\",\"isPartOf\":{\"@id\":\"https:\/\/artisan-bois-sabots.fr\/wp\/#website\"},\"primaryImageOfPage\":{\"@id\":\"https:\/\/artisan-bois-sabots.fr\/wp\/?product=70-porte-crayons#primaryimage\"},\"image\":{\"@id\":\"https:\/\/artisan-bois-sabots.fr\/wp\/?product=70-porte-crayons#primaryimage\"},\"thumbnailUrl\":\"http:\/\/artisan-bois-sabots.fr\/wp\/wp-content\/uploads\/2014\/10\/portecrayonvrt650.jpg\",\"datePublished\":\"2014-10-16T20:23:08+00:00\",\"dateModified\":\"2014-11-17T14:44:48+00:00\",\"description\":\"un sabot porte crayon sur socle triangulaire permet de ranger les crayons ou diff\u00e9rentes choses : cl\u00e9s, petits objets, vide poche......\",\"breadcrumb\":{\"@id\":\"https:\/\/artisan-bois-sabots.fr\/wp\/?product=70-porte-crayons#breadcrumb\"},\"inLanguage\":\"fr-FR\",\"potentialAction\":[{\"@type\":\"ReadAction\",\"target\":[\"https:\/\/artisan-bois-sabots.fr\/wp\/?product=70-porte-crayons\"]}]},{\"@type\":\"ImageObject\",\"inLanguage\":\"fr-FR\",\"@id\":\"https:\/\/artisan-bois-sabots.fr\/wp\/?product=70-porte-crayons#primaryimage\",\"url\":\"http:\/\/artisan-bois-sabots.fr\/wp\/wp-content\/uploads\/2014\/10\/portecrayonvrt650.jpg\",\"contentUrl\":\"http:\/\/artisan-bois-sabots.fr\/wp\/wp-content\/uploads\/2014\/10\/portecrayonvrt650.jpg\",\"width\":650,\"height\":650,\"caption\":\"porte crayon\"},{\"@type\":\"BreadcrumbList\",\"@id\":\"https:\/\/artisan-bois-sabots.fr\/wp\/?product=70-porte-crayons#breadcrumb\",\"itemListElement\":[{\"@type\":\"ListItem\",\"position\":1,\"name\":\"Accueil\",\"item\":\"https:\/\/artisan-bois-sabots.fr\/wp\"},{\"@type\":\"ListItem\",\"position\":2,\"name\":\"Boutique\",\"item\":\"http:\/\/artisan-bois-sabots.fr\/wp\/?page_id=7\"},{\"@type\":\"ListItem\",\"position\":3,\"name\":\"Porte crayons\"}]},{\"@type\":\"WebSite\",\"@id\":\"https:\/\/artisan-bois-sabots.fr\/wp\/#website\",\"url\":\"https:\/\/artisan-bois-sabots.fr\/wp\/\",\"name\":\"Pascal Jusot - Artisan sabotier\",\"description\":\"Sabots en bois - Ari\u00e8ge - Pyr\u00e9n\u00e9es\",\"potentialAction\":[{\"@type\":\"SearchAction\",\"target\":{\"@type\":\"EntryPoint\",\"urlTemplate\":\"https:\/\/artisan-bois-sabots.fr\/wp\/?s={search_term_string}\"},\"query-input\":\"required name=search_term_string\"}],\"inLanguage\":\"fr-FR\"}]}<\/script>\n<!-- \/ Yoast SEO plugin. -->","yoast_head_json":{"title":"Porte crayons - Pascal Jusot - Artisan sabotier","description":"un sabot porte crayon sur socle triangulaire permet de ranger les crayons ou diff\u00e9rentes choses : cl\u00e9s, petits objets, vide poche......","robots":{"index":"index","follow":"follow","max-snippet":"max-snippet:-1","max-image-preview":"max-image-preview:large","max-video-preview":"max-video-preview:-1"},"canonical":"https:\/\/artisan-bois-sabots.fr\/wp\/?product=70-porte-crayons","og_locale":"fr_FR","og_type":"article","og_title":"Porte crayons - Pascal Jusot - Artisan sabotier","og_description":"un sabot porte crayon sur socle triangulaire permet de ranger les crayons ou diff\u00e9rentes choses : cl\u00e9s, petits objets, vide poche......","og_url":"https:\/\/artisan-bois-sabots.fr\/wp\/?product=70-porte-crayons","og_site_name":"Pascal Jusot - Artisan sabotier","article_modified_time":"2014-11-17T14:44:48+00:00","og_image":[{"width":650,"height":650,"url":"https:\/\/artisan-bois-sabots.fr\/wp\/wp-content\/uploads\/2014\/10\/portecrayonvrt650.jpg","type":"image\/jpeg"}],"schema":{"@context":"https:\/\/schema.org","@graph":[{"@type":"WebPage","@id":"https:\/\/artisan-bois-sabots.fr\/wp\/?product=70-porte-crayons","url":"https:\/\/artisan-bois-sabots.fr\/wp\/?product=70-porte-crayons","name":"Porte crayons - Pascal Jusot - Artisan sabotier","isPartOf":{"@id":"https:\/\/artisan-bois-sabots.fr\/wp\/#website"},"primaryImageOfPage":{"@id":"https:\/\/artisan-bois-sabots.fr\/wp\/?product=70-porte-crayons#primaryimage"},"image":{"@id":"https:\/\/artisan-bois-sabots.fr\/wp\/?product=70-porte-crayons#primaryimage"},"thumbnailUrl":"http:\/\/artisan-bois-sabots.fr\/wp\/wp-content\/uploads\/2014\/10\/portecrayonvrt650.jpg","datePublished":"2014-10-16T20:23:08+00:00","dateModified":"2014-11-17T14:44:48+00:00","description":"un sabot porte crayon sur socle triangulaire permet de ranger les crayons ou diff\u00e9rentes choses : cl\u00e9s, petits objets, vide poche......","breadcrumb":{"@id":"https:\/\/artisan-bois-sabots.fr\/wp\/?product=70-porte-crayons#breadcrumb"},"inLanguage":"fr-FR","potentialAction":[{"@type":"ReadAction","target":["https:\/\/artisan-bois-sabots.fr\/wp\/?product=70-porte-crayons"]}]},{"@type":"ImageObject","inLanguage":"fr-FR","@id":"https:\/\/artisan-bois-sabots.fr\/wp\/?product=70-porte-crayons#primaryimage","url":"http:\/\/artisan-bois-sabots.fr\/wp\/wp-content\/uploads\/2014\/10\/portecrayonvrt650.jpg","contentUrl":"http:\/\/artisan-bois-sabots.fr\/wp\/wp-content\/uploads\/2014\/10\/portecrayonvrt650.jpg","width":650,"height":650,"caption":"porte crayon"},{"@type":"BreadcrumbList","@id":"https:\/\/artisan-bois-sabots.fr\/wp\/?product=70-porte-crayons#breadcrumb","itemListElement":[{"@type":"ListItem","position":1,"name":"Accueil","item":"https:\/\/artisan-bois-sabots.fr\/wp"},{"@type":"ListItem","position":2,"name":"Boutique","item":"http:\/\/artisan-bois-sabots.fr\/wp\/?page_id=7"},{"@type":"ListItem","position":3,"name":"Porte crayons"}]},{"@type":"WebSite","@id":"https:\/\/artisan-bois-sabots.fr\/wp\/#website","url":"https:\/\/artisan-bois-sabots.fr\/wp\/","name":"Pascal Jusot - Artisan sabotier","description":"Sabots en bois - Ari\u00e8ge - Pyr\u00e9n\u00e9es","potentialAction":[{"@type":"SearchAction","target":{"@type":"EntryPoint","urlTemplate":"https:\/\/artisan-bois-sabots.fr\/wp\/?s={search_term_string}"},"query-input":"required name=search_term_string"}],"inLanguage":"fr-FR"}]}},"_links":{"self":[{"href":"http:\/\/artisan-bois-sabots.fr\/wp\/index.php?rest_route=\/wp\/v2\/product\/533"}],"collection":[{"href":"http:\/\/artisan-bois-sabots.fr\/wp\/index.php?rest_route=\/wp\/v2\/product"}],"about":[{"href":"http:\/\/artisan-bois-sabots.fr\/wp\/index.php?rest_route=\/wp\/v2\/types\/product"}],"replies":[{"embeddable":true,"href":"http:\/\/artisan-bois-sabots.fr\/wp\/index.php?rest_route=%2Fwp%2Fv2%2Fcomments&post=533"}],"wp:featuredmedia":[{"embeddable":true,"href":"http:\/\/artisan-bois-sabots.fr\/wp\/index.php?rest_route=\/wp\/v2\/media\/885"}],"wp:attachment":[{"href":"http:\/\/artisan-bois-sabots.fr\/wp\/index.php?rest_route=%2Fwp%2Fv2%2Fmedia&parent=533"}],"curies":[{"name":"wp","href":"https:\/\/api.w.org\/{rel}","templated":true}]}}