{"id":527,"date":"2014-10-16T22:18:38","date_gmt":"2014-10-16T20:18:38","guid":{"rendered":"http:\/\/artisan-bois-sabots.fr\/wp\/?post_type=product&#038;p=527"},"modified":"2014-11-16T17:47:24","modified_gmt":"2014-11-16T16:47:24","slug":"25-sabot-de-massat_gm","status":"publish","type":"product","link":"http:\/\/artisan-bois-sabots.fr\/wp\/?product=25-sabot-de-massat_gm","title":{"rendered":"Sabots de Massat gm"},"content":{"rendered":"<p>Paire de sabots de la vall\u00e9e de Massat grand mod\u00e8le : 24 cm<\/p>\n","protected":false},"excerpt":{"rendered":"<p>Paire de sabots de la vall\u00e9e de Massat grand mod\u00e8le : 24 cm<\/p>\n","protected":false},"featured_media":890,"comment_status":"closed","ping_status":"closed","template":"","meta":[],"yoast_head":"<!-- This site is optimized with the Yoast SEO plugin v22.8 - https:\/\/yoast.com\/wordpress\/plugins\/seo\/ -->\n<title>Sabots de Massat gm - Pascal Jusot - Artisan sabotier<\/title>\n<meta name=\"description\" content=\"paire de sabots de Massat, reproduction des sabots port\u00e9s autrefois par les habitants de la vall\u00e9e de Massat en Ari\u00e8ge-Pyr\u00e9n\u00e9es\" \/>\n<meta name=\"robots\" content=\"index, follow, max-snippet:-1, max-image-preview:large, max-video-preview:-1\" \/>\n<link rel=\"canonical\" href=\"https:\/\/artisan-bois-sabots.fr\/wp\/?product=25-sabot-de-massat_gm\" \/>\n<meta property=\"og:locale\" content=\"fr_FR\" \/>\n<meta property=\"og:type\" content=\"article\" \/>\n<meta property=\"og:title\" content=\"Sabots de Massat gm - Pascal Jusot - Artisan sabotier\" \/>\n<meta property=\"og:description\" content=\"paire de sabots de Massat, reproduction des sabots port\u00e9s autrefois par les habitants de la vall\u00e9e de Massat en Ari\u00e8ge-Pyr\u00e9n\u00e9es\" \/>\n<meta property=\"og:url\" content=\"https:\/\/artisan-bois-sabots.fr\/wp\/?product=25-sabot-de-massat_gm\" \/>\n<meta property=\"og:site_name\" content=\"Pascal Jusot - Artisan sabotier\" \/>\n<meta property=\"article:modified_time\" content=\"2014-11-16T16:47:24+00:00\" \/>\n<meta property=\"og:image\" content=\"https:\/\/artisan-bois-sabots.fr\/wp\/wp-content\/uploads\/2014\/10\/grdmassat650x650.jpg\" \/>\n\t<meta property=\"og:image:width\" content=\"650\" \/>\n\t<meta property=\"og:image:height\" content=\"650\" \/>\n\t<meta property=\"og:image:type\" content=\"image\/jpeg\" \/>\n<script type=\"application\/ld+json\" class=\"yoast-schema-graph\">{\"@context\":\"https:\/\/schema.org\",\"@graph\":[{\"@type\":\"WebPage\",\"@id\":\"https:\/\/artisan-bois-sabots.fr\/wp\/?product=25-sabot-de-massat_gm\",\"url\":\"https:\/\/artisan-bois-sabots.fr\/wp\/?product=25-sabot-de-massat_gm\",\"name\":\"Sabots de Massat gm - Pascal Jusot - Artisan sabotier\",\"isPartOf\":{\"@id\":\"http:\/\/artisan-bois-sabots.fr\/wp\/#website\"},\"primaryImageOfPage\":{\"@id\":\"https:\/\/artisan-bois-sabots.fr\/wp\/?product=25-sabot-de-massat_gm#primaryimage\"},\"image\":{\"@id\":\"https:\/\/artisan-bois-sabots.fr\/wp\/?product=25-sabot-de-massat_gm#primaryimage\"},\"thumbnailUrl\":\"http:\/\/artisan-bois-sabots.fr\/wp\/wp-content\/uploads\/2014\/10\/grdmassat650x650.jpg\",\"datePublished\":\"2014-10-16T20:18:38+00:00\",\"dateModified\":\"2014-11-16T16:47:24+00:00\",\"description\":\"paire de sabots de Massat, reproduction des sabots port\u00e9s autrefois par les habitants de la vall\u00e9e de Massat en Ari\u00e8ge-Pyr\u00e9n\u00e9es\",\"breadcrumb\":{\"@id\":\"https:\/\/artisan-bois-sabots.fr\/wp\/?product=25-sabot-de-massat_gm#breadcrumb\"},\"inLanguage\":\"fr-FR\",\"potentialAction\":[{\"@type\":\"ReadAction\",\"target\":[\"https:\/\/artisan-bois-sabots.fr\/wp\/?product=25-sabot-de-massat_gm\"]}]},{\"@type\":\"ImageObject\",\"inLanguage\":\"fr-FR\",\"@id\":\"https:\/\/artisan-bois-sabots.fr\/wp\/?product=25-sabot-de-massat_gm#primaryimage\",\"url\":\"http:\/\/artisan-bois-sabots.fr\/wp\/wp-content\/uploads\/2014\/10\/grdmassat650x650.jpg\",\"contentUrl\":\"http:\/\/artisan-bois-sabots.fr\/wp\/wp-content\/uploads\/2014\/10\/grdmassat650x650.jpg\",\"width\":650,\"height\":650,\"caption\":\"paire sabots Massat\"},{\"@type\":\"BreadcrumbList\",\"@id\":\"https:\/\/artisan-bois-sabots.fr\/wp\/?product=25-sabot-de-massat_gm#breadcrumb\",\"itemListElement\":[{\"@type\":\"ListItem\",\"position\":1,\"name\":\"Accueil\",\"item\":\"http:\/\/artisan-bois-sabots.fr\/wp\"},{\"@type\":\"ListItem\",\"position\":2,\"name\":\"Boutique\",\"item\":\"http:\/\/artisan-bois-sabots.fr\/wp\/?page_id=7\"},{\"@type\":\"ListItem\",\"position\":3,\"name\":\"Sabots de Massat gm\"}]},{\"@type\":\"WebSite\",\"@id\":\"http:\/\/artisan-bois-sabots.fr\/wp\/#website\",\"url\":\"http:\/\/artisan-bois-sabots.fr\/wp\/\",\"name\":\"Pascal Jusot - Artisan sabotier\",\"description\":\"Sabots en bois - Ari\u00e8ge - Pyr\u00e9n\u00e9es\",\"potentialAction\":[{\"@type\":\"SearchAction\",\"target\":{\"@type\":\"EntryPoint\",\"urlTemplate\":\"http:\/\/artisan-bois-sabots.fr\/wp\/?s={search_term_string}\"},\"query-input\":\"required name=search_term_string\"}],\"inLanguage\":\"fr-FR\"}]}<\/script>\n<!-- \/ Yoast SEO plugin. -->","yoast_head_json":{"title":"Sabots de Massat gm - Pascal Jusot - Artisan sabotier","description":"paire de sabots de Massat, reproduction des sabots port\u00e9s autrefois par les habitants de la vall\u00e9e de Massat en Ari\u00e8ge-Pyr\u00e9n\u00e9es","robots":{"index":"index","follow":"follow","max-snippet":"max-snippet:-1","max-image-preview":"max-image-preview:large","max-video-preview":"max-video-preview:-1"},"canonical":"https:\/\/artisan-bois-sabots.fr\/wp\/?product=25-sabot-de-massat_gm","og_locale":"fr_FR","og_type":"article","og_title":"Sabots de Massat gm - Pascal Jusot - Artisan sabotier","og_description":"paire de sabots de Massat, reproduction des sabots port\u00e9s autrefois par les habitants de la vall\u00e9e de Massat en Ari\u00e8ge-Pyr\u00e9n\u00e9es","og_url":"https:\/\/artisan-bois-sabots.fr\/wp\/?product=25-sabot-de-massat_gm","og_site_name":"Pascal Jusot - Artisan sabotier","article_modified_time":"2014-11-16T16:47:24+00:00","og_image":[{"width":650,"height":650,"url":"https:\/\/artisan-bois-sabots.fr\/wp\/wp-content\/uploads\/2014\/10\/grdmassat650x650.jpg","type":"image\/jpeg"}],"schema":{"@context":"https:\/\/schema.org","@graph":[{"@type":"WebPage","@id":"https:\/\/artisan-bois-sabots.fr\/wp\/?product=25-sabot-de-massat_gm","url":"https:\/\/artisan-bois-sabots.fr\/wp\/?product=25-sabot-de-massat_gm","name":"Sabots de Massat gm - Pascal Jusot - Artisan sabotier","isPartOf":{"@id":"http:\/\/artisan-bois-sabots.fr\/wp\/#website"},"primaryImageOfPage":{"@id":"https:\/\/artisan-bois-sabots.fr\/wp\/?product=25-sabot-de-massat_gm#primaryimage"},"image":{"@id":"https:\/\/artisan-bois-sabots.fr\/wp\/?product=25-sabot-de-massat_gm#primaryimage"},"thumbnailUrl":"http:\/\/artisan-bois-sabots.fr\/wp\/wp-content\/uploads\/2014\/10\/grdmassat650x650.jpg","datePublished":"2014-10-16T20:18:38+00:00","dateModified":"2014-11-16T16:47:24+00:00","description":"paire de sabots de Massat, reproduction des sabots port\u00e9s autrefois par les habitants de la vall\u00e9e de Massat en Ari\u00e8ge-Pyr\u00e9n\u00e9es","breadcrumb":{"@id":"https:\/\/artisan-bois-sabots.fr\/wp\/?product=25-sabot-de-massat_gm#breadcrumb"},"inLanguage":"fr-FR","potentialAction":[{"@type":"ReadAction","target":["https:\/\/artisan-bois-sabots.fr\/wp\/?product=25-sabot-de-massat_gm"]}]},{"@type":"ImageObject","inLanguage":"fr-FR","@id":"https:\/\/artisan-bois-sabots.fr\/wp\/?product=25-sabot-de-massat_gm#primaryimage","url":"http:\/\/artisan-bois-sabots.fr\/wp\/wp-content\/uploads\/2014\/10\/grdmassat650x650.jpg","contentUrl":"http:\/\/artisan-bois-sabots.fr\/wp\/wp-content\/uploads\/2014\/10\/grdmassat650x650.jpg","width":650,"height":650,"caption":"paire sabots Massat"},{"@type":"BreadcrumbList","@id":"https:\/\/artisan-bois-sabots.fr\/wp\/?product=25-sabot-de-massat_gm#breadcrumb","itemListElement":[{"@type":"ListItem","position":1,"name":"Accueil","item":"http:\/\/artisan-bois-sabots.fr\/wp"},{"@type":"ListItem","position":2,"name":"Boutique","item":"http:\/\/artisan-bois-sabots.fr\/wp\/?page_id=7"},{"@type":"ListItem","position":3,"name":"Sabots de Massat gm"}]},{"@type":"WebSite","@id":"http:\/\/artisan-bois-sabots.fr\/wp\/#website","url":"http:\/\/artisan-bois-sabots.fr\/wp\/","name":"Pascal Jusot - Artisan sabotier","description":"Sabots en bois - Ari\u00e8ge - Pyr\u00e9n\u00e9es","potentialAction":[{"@type":"SearchAction","target":{"@type":"EntryPoint","urlTemplate":"http:\/\/artisan-bois-sabots.fr\/wp\/?s={search_term_string}"},"query-input":"required name=search_term_string"}],"inLanguage":"fr-FR"}]}},"_links":{"self":[{"href":"http:\/\/artisan-bois-sabots.fr\/wp\/index.php?rest_route=\/wp\/v2\/product\/527"}],"collection":[{"href":"http:\/\/artisan-bois-sabots.fr\/wp\/index.php?rest_route=\/wp\/v2\/product"}],"about":[{"href":"http:\/\/artisan-bois-sabots.fr\/wp\/index.php?rest_route=\/wp\/v2\/types\/product"}],"replies":[{"embeddable":true,"href":"http:\/\/artisan-bois-sabots.fr\/wp\/index.php?rest_route=%2Fwp%2Fv2%2Fcomments&post=527"}],"wp:featuredmedia":[{"embeddable":true,"href":"http:\/\/artisan-bois-sabots.fr\/wp\/index.php?rest_route=\/wp\/v2\/media\/890"}],"wp:attachment":[{"href":"http:\/\/artisan-bois-sabots.fr\/wp\/index.php?rest_route=%2Fwp%2Fv2%2Fmedia&parent=527"}],"curies":[{"name":"wp","href":"https:\/\/api.w.org\/{rel}","templated":true}]}}