{"id":522,"date":"2014-10-16T22:11:08","date_gmt":"2014-10-16T20:11:08","guid":{"rendered":"http:\/\/artisan-bois-sabots.fr\/wp\/?post_type=product&#038;p=522"},"modified":"2014-11-17T15:54:30","modified_gmt":"2014-11-17T14:54:30","slug":"20-sabots-massat_pm","status":"publish","type":"product","link":"http:\/\/artisan-bois-sabots.fr\/wp\/?product=20-sabots-massat_pm","title":{"rendered":"Sabots Massat pm"},"content":{"rendered":"<p>Sabots Massat\u00a0 ; ils sont la reproduction des sabots traditionnels de la vall\u00e9e de Massat en Couserans d&rsquo;o\u00f9 ils tirent leur nom\u00a0 &#8211;<\/p>\n<p>Paire de sabot de d\u00e9coration &#8211; petit mod\u00e8le : 17cm<\/p>\n<p><em>la paire de sabots pr\u00e9sent\u00e9e est teint\u00e9e, vernis, grav\u00e9e.<\/em><\/p>\n","protected":false},"excerpt":{"rendered":"<p>Sabots Massat\u00a0 ; ils sont la reproduction des sabots traditionnels de la vall\u00e9e de Massat en Couserans d&rsquo;o\u00f9 ils tirent leur nom\u00a0 &#8211; Paire de sabot de d\u00e9coration &#8211; petit mod\u00e8le : 17cm la paire de sabots pr\u00e9sent\u00e9e est teint\u00e9e, &hellip; <a href=\"http:\/\/artisan-bois-sabots.fr\/wp\/?product=20-sabots-massat_pm\">Lire la suite\u00ad\u00ad<\/a><\/p>\n","protected":false},"featured_media":889,"comment_status":"closed","ping_status":"closed","template":"","meta":[],"yoast_head":"<!-- This site is optimized with the Yoast SEO plugin v22.8 - https:\/\/yoast.com\/wordpress\/plugins\/seo\/ -->\n<title>Sabots Massat pm - Pascal Jusot - Artisan sabotier<\/title>\n<meta name=\"description\" content=\"Sabots Massat, pr\u00e9sent\u00e9s par paire, reproduction des sabots traditionnels des Pyr\u00e9n\u00e9es \u00e0 bouts pointus.\" \/>\n<meta name=\"robots\" content=\"index, follow, max-snippet:-1, max-image-preview:large, max-video-preview:-1\" \/>\n<link rel=\"canonical\" href=\"http:\/\/artisan-bois-sabots.fr\/wp\/?product=20-sabots-massat_pm\" \/>\n<meta property=\"og:locale\" content=\"fr_FR\" \/>\n<meta property=\"og:type\" content=\"article\" \/>\n<meta property=\"og:title\" content=\"Sabots Massat pm - Pascal Jusot - Artisan sabotier\" \/>\n<meta property=\"og:description\" content=\"Sabots Massat, pr\u00e9sent\u00e9s par paire, reproduction des sabots traditionnels des Pyr\u00e9n\u00e9es \u00e0 bouts pointus.\" \/>\n<meta property=\"og:url\" content=\"http:\/\/artisan-bois-sabots.fr\/wp\/?product=20-sabots-massat_pm\" \/>\n<meta property=\"og:site_name\" content=\"Pascal Jusot - Artisan sabotier\" \/>\n<meta property=\"article:modified_time\" content=\"2014-11-17T14:54:30+00:00\" \/>\n<meta property=\"og:image\" content=\"http:\/\/artisan-bois-sabots.fr\/wp\/wp-content\/uploads\/2014\/10\/petitmassat650x650.jpg\" \/>\n\t<meta property=\"og:image:width\" content=\"650\" \/>\n\t<meta property=\"og:image:height\" content=\"650\" \/>\n\t<meta property=\"og:image:type\" content=\"image\/jpeg\" \/>\n<script type=\"application\/ld+json\" class=\"yoast-schema-graph\">{\"@context\":\"https:\/\/schema.org\",\"@graph\":[{\"@type\":\"WebPage\",\"@id\":\"http:\/\/artisan-bois-sabots.fr\/wp\/?product=20-sabots-massat_pm\",\"url\":\"http:\/\/artisan-bois-sabots.fr\/wp\/?product=20-sabots-massat_pm\",\"name\":\"Sabots Massat pm - Pascal Jusot - Artisan sabotier\",\"isPartOf\":{\"@id\":\"http:\/\/artisan-bois-sabots.fr\/wp\/#website\"},\"primaryImageOfPage\":{\"@id\":\"http:\/\/artisan-bois-sabots.fr\/wp\/?product=20-sabots-massat_pm#primaryimage\"},\"image\":{\"@id\":\"http:\/\/artisan-bois-sabots.fr\/wp\/?product=20-sabots-massat_pm#primaryimage\"},\"thumbnailUrl\":\"http:\/\/artisan-bois-sabots.fr\/wp\/wp-content\/uploads\/2014\/10\/petitmassat650x650.jpg\",\"datePublished\":\"2014-10-16T20:11:08+00:00\",\"dateModified\":\"2014-11-17T14:54:30+00:00\",\"description\":\"Sabots Massat, pr\u00e9sent\u00e9s par paire, reproduction des sabots traditionnels des Pyr\u00e9n\u00e9es \u00e0 bouts pointus.\",\"breadcrumb\":{\"@id\":\"http:\/\/artisan-bois-sabots.fr\/wp\/?product=20-sabots-massat_pm#breadcrumb\"},\"inLanguage\":\"fr-FR\",\"potentialAction\":[{\"@type\":\"ReadAction\",\"target\":[\"http:\/\/artisan-bois-sabots.fr\/wp\/?product=20-sabots-massat_pm\"]}]},{\"@type\":\"ImageObject\",\"inLanguage\":\"fr-FR\",\"@id\":\"http:\/\/artisan-bois-sabots.fr\/wp\/?product=20-sabots-massat_pm#primaryimage\",\"url\":\"http:\/\/artisan-bois-sabots.fr\/wp\/wp-content\/uploads\/2014\/10\/petitmassat650x650.jpg\",\"contentUrl\":\"http:\/\/artisan-bois-sabots.fr\/wp\/wp-content\/uploads\/2014\/10\/petitmassat650x650.jpg\",\"width\":650,\"height\":650,\"caption\":\"petits sabots massat\"},{\"@type\":\"BreadcrumbList\",\"@id\":\"http:\/\/artisan-bois-sabots.fr\/wp\/?product=20-sabots-massat_pm#breadcrumb\",\"itemListElement\":[{\"@type\":\"ListItem\",\"position\":1,\"name\":\"Accueil\",\"item\":\"http:\/\/artisan-bois-sabots.fr\/wp\"},{\"@type\":\"ListItem\",\"position\":2,\"name\":\"Boutique\",\"item\":\"http:\/\/artisan-bois-sabots.fr\/wp\/?page_id=7\"},{\"@type\":\"ListItem\",\"position\":3,\"name\":\"Sabots Massat pm\"}]},{\"@type\":\"WebSite\",\"@id\":\"http:\/\/artisan-bois-sabots.fr\/wp\/#website\",\"url\":\"http:\/\/artisan-bois-sabots.fr\/wp\/\",\"name\":\"Pascal Jusot - Artisan sabotier\",\"description\":\"Sabots en bois - Ari\u00e8ge - Pyr\u00e9n\u00e9es\",\"potentialAction\":[{\"@type\":\"SearchAction\",\"target\":{\"@type\":\"EntryPoint\",\"urlTemplate\":\"http:\/\/artisan-bois-sabots.fr\/wp\/?s={search_term_string}\"},\"query-input\":\"required name=search_term_string\"}],\"inLanguage\":\"fr-FR\"}]}<\/script>\n<!-- \/ Yoast SEO plugin. -->","yoast_head_json":{"title":"Sabots Massat pm - Pascal Jusot - Artisan sabotier","description":"Sabots Massat, pr\u00e9sent\u00e9s par paire, reproduction des sabots traditionnels des Pyr\u00e9n\u00e9es \u00e0 bouts pointus.","robots":{"index":"index","follow":"follow","max-snippet":"max-snippet:-1","max-image-preview":"max-image-preview:large","max-video-preview":"max-video-preview:-1"},"canonical":"http:\/\/artisan-bois-sabots.fr\/wp\/?product=20-sabots-massat_pm","og_locale":"fr_FR","og_type":"article","og_title":"Sabots Massat pm - Pascal Jusot - Artisan sabotier","og_description":"Sabots Massat, pr\u00e9sent\u00e9s par paire, reproduction des sabots traditionnels des Pyr\u00e9n\u00e9es \u00e0 bouts pointus.","og_url":"http:\/\/artisan-bois-sabots.fr\/wp\/?product=20-sabots-massat_pm","og_site_name":"Pascal Jusot - Artisan sabotier","article_modified_time":"2014-11-17T14:54:30+00:00","og_image":[{"width":650,"height":650,"url":"http:\/\/artisan-bois-sabots.fr\/wp\/wp-content\/uploads\/2014\/10\/petitmassat650x650.jpg","type":"image\/jpeg"}],"schema":{"@context":"https:\/\/schema.org","@graph":[{"@type":"WebPage","@id":"http:\/\/artisan-bois-sabots.fr\/wp\/?product=20-sabots-massat_pm","url":"http:\/\/artisan-bois-sabots.fr\/wp\/?product=20-sabots-massat_pm","name":"Sabots Massat pm - Pascal Jusot - Artisan sabotier","isPartOf":{"@id":"http:\/\/artisan-bois-sabots.fr\/wp\/#website"},"primaryImageOfPage":{"@id":"http:\/\/artisan-bois-sabots.fr\/wp\/?product=20-sabots-massat_pm#primaryimage"},"image":{"@id":"http:\/\/artisan-bois-sabots.fr\/wp\/?product=20-sabots-massat_pm#primaryimage"},"thumbnailUrl":"http:\/\/artisan-bois-sabots.fr\/wp\/wp-content\/uploads\/2014\/10\/petitmassat650x650.jpg","datePublished":"2014-10-16T20:11:08+00:00","dateModified":"2014-11-17T14:54:30+00:00","description":"Sabots Massat, pr\u00e9sent\u00e9s par paire, reproduction des sabots traditionnels des Pyr\u00e9n\u00e9es \u00e0 bouts pointus.","breadcrumb":{"@id":"http:\/\/artisan-bois-sabots.fr\/wp\/?product=20-sabots-massat_pm#breadcrumb"},"inLanguage":"fr-FR","potentialAction":[{"@type":"ReadAction","target":["http:\/\/artisan-bois-sabots.fr\/wp\/?product=20-sabots-massat_pm"]}]},{"@type":"ImageObject","inLanguage":"fr-FR","@id":"http:\/\/artisan-bois-sabots.fr\/wp\/?product=20-sabots-massat_pm#primaryimage","url":"http:\/\/artisan-bois-sabots.fr\/wp\/wp-content\/uploads\/2014\/10\/petitmassat650x650.jpg","contentUrl":"http:\/\/artisan-bois-sabots.fr\/wp\/wp-content\/uploads\/2014\/10\/petitmassat650x650.jpg","width":650,"height":650,"caption":"petits sabots massat"},{"@type":"BreadcrumbList","@id":"http:\/\/artisan-bois-sabots.fr\/wp\/?product=20-sabots-massat_pm#breadcrumb","itemListElement":[{"@type":"ListItem","position":1,"name":"Accueil","item":"http:\/\/artisan-bois-sabots.fr\/wp"},{"@type":"ListItem","position":2,"name":"Boutique","item":"http:\/\/artisan-bois-sabots.fr\/wp\/?page_id=7"},{"@type":"ListItem","position":3,"name":"Sabots Massat pm"}]},{"@type":"WebSite","@id":"http:\/\/artisan-bois-sabots.fr\/wp\/#website","url":"http:\/\/artisan-bois-sabots.fr\/wp\/","name":"Pascal Jusot - Artisan sabotier","description":"Sabots en bois - Ari\u00e8ge - Pyr\u00e9n\u00e9es","potentialAction":[{"@type":"SearchAction","target":{"@type":"EntryPoint","urlTemplate":"http:\/\/artisan-bois-sabots.fr\/wp\/?s={search_term_string}"},"query-input":"required name=search_term_string"}],"inLanguage":"fr-FR"}]}},"_links":{"self":[{"href":"http:\/\/artisan-bois-sabots.fr\/wp\/index.php?rest_route=\/wp\/v2\/product\/522"}],"collection":[{"href":"http:\/\/artisan-bois-sabots.fr\/wp\/index.php?rest_route=\/wp\/v2\/product"}],"about":[{"href":"http:\/\/artisan-bois-sabots.fr\/wp\/index.php?rest_route=\/wp\/v2\/types\/product"}],"replies":[{"embeddable":true,"href":"http:\/\/artisan-bois-sabots.fr\/wp\/index.php?rest_route=%2Fwp%2Fv2%2Fcomments&post=522"}],"wp:featuredmedia":[{"embeddable":true,"href":"http:\/\/artisan-bois-sabots.fr\/wp\/index.php?rest_route=\/wp\/v2\/media\/889"}],"wp:attachment":[{"href":"http:\/\/artisan-bois-sabots.fr\/wp\/index.php?rest_route=%2Fwp%2Fv2%2Fmedia&parent=522"}],"curies":[{"name":"wp","href":"https:\/\/api.w.org\/{rel}","templated":true}]}}