{"id":256,"date":"2014-08-23T19:58:02","date_gmt":"2014-08-23T17:58:02","guid":{"rendered":"http:\/\/artisan-bois-sabots.fr\/wp\/?post_type=product&#038;p=256"},"modified":"2023-12-04T20:31:10","modified_gmt":"2023-12-04T19:31:10","slug":"03-sabots-sabecos","status":"publish","type":"product","link":"http:\/\/artisan-bois-sabots.fr\/wp\/?product=03-sabots-sabecos","title":{"rendered":"Sabots en bois Sabecos"},"content":{"rendered":"<p>Sabot en bois, \u00e0 bout rond qui lui donne un air un plus actuel.<\/p>\n<p>Les finitions sont les suivantes :<\/p>\n<p>&#8211; brides en cuir avec coussin<\/p>\n<p>&#8211; semelles garnies de caoutchoucs<\/p>\n<p>&#8211; teint\u00e9 noyer et vernis (possibilit\u00e9 de couleurs diff\u00e9rentes : bleu, rouge, vert&#8230;.. nous consulter)<\/p>\n<p>&#8211; possibilit\u00e9 de gravure \u00e9pi de bl\u00e9 offerte ; le mentionner sur le r\u00e9capitulatif de la commande.<\/p>\n<p>Ils peuvent recevoir \u00e9galement une personnalisation (nom,date&#8230;.) : vous mentionnerez alors la nature de la\u00a0 personnalisation dans le r\u00e9capitulatif de commande \u00ab\u00a0note de la commande\u00a0\u00bb.<\/p>\n<p>Ces sabots ne sont pas pr\u00e9vus pour \u00eatre port\u00e9s avec des chaussons. <em>Pour les pieds tr\u00e8s larges me consulte<\/em>r.<\/p>\n<p><em>Le mod\u00e8le pr\u00e9sent\u00e9 est teint\u00e9, vernis, grav\u00e9.<\/em><\/p>\n","protected":false},"excerpt":{"rendered":"<p>Sabot de forme plus moderne, \u00e0 bout rond ; peut \u00eatre port\u00e9 avec ou sans chaussettes<\/p>\n<p>Pour mieux choisir\u00a0 votre pointure, nous vous indiquons en cm la longueur de votre pied correspondant \u00e0 celle-ci.<\/p>\n","protected":false},"featured_media":834,"comment_status":"closed","ping_status":"closed","template":"","meta":[],"yoast_head":"<!-- This site is optimized with the Yoast SEO plugin v22.8 - https:\/\/yoast.com\/wordpress\/plugins\/seo\/ -->\n<title>Sabots en bois Sabecos - Pascal Jusot - Artisan sabotier<\/title>\n<meta name=\"description\" content=\"Sabots en bois, tr\u00e8s confortables. Ces sabots ont une semelle en caoutchouc pour le confort de la marche et une voute plantaire \u00e0 l&#039;int\u00e9rieur.\" \/>\n<meta name=\"robots\" content=\"index, follow, max-snippet:-1, max-image-preview:large, max-video-preview:-1\" \/>\n<link rel=\"canonical\" href=\"http:\/\/artisan-bois-sabots.fr\/wp\/?product=03-sabots-sabecos\" \/>\n<meta property=\"og:locale\" content=\"fr_FR\" \/>\n<meta property=\"og:type\" content=\"article\" \/>\n<meta property=\"og:title\" content=\"Sabots en bois Sabecos - Pascal Jusot - Artisan sabotier\" \/>\n<meta property=\"og:description\" content=\"Sabots en bois, tr\u00e8s confortables. Ces sabots ont une semelle en caoutchouc pour le confort de la marche et une voute plantaire \u00e0 l&#039;int\u00e9rieur.\" \/>\n<meta property=\"og:url\" content=\"http:\/\/artisan-bois-sabots.fr\/wp\/?product=03-sabots-sabecos\" \/>\n<meta property=\"og:site_name\" content=\"Pascal Jusot - Artisan sabotier\" \/>\n<meta property=\"article:modified_time\" content=\"2023-12-04T19:31:10+00:00\" \/>\n<meta property=\"og:image\" content=\"http:\/\/artisan-bois-sabots.fr\/wp\/wp-content\/uploads\/2014\/08\/sabots-jardin-sabeco600x450.jpg\" \/>\n\t<meta property=\"og:image:width\" content=\"600\" \/>\n\t<meta property=\"og:image:height\" content=\"450\" \/>\n\t<meta property=\"og:image:type\" content=\"image\/jpeg\" \/>\n<meta name=\"twitter:label1\" content=\"Dur\u00e9e de lecture estim\u00e9e\" \/>\n\t<meta name=\"twitter:data1\" content=\"1 minute\" \/>\n<script type=\"application\/ld+json\" class=\"yoast-schema-graph\">{\"@context\":\"https:\/\/schema.org\",\"@graph\":[{\"@type\":\"WebPage\",\"@id\":\"http:\/\/artisan-bois-sabots.fr\/wp\/?product=03-sabots-sabecos\",\"url\":\"http:\/\/artisan-bois-sabots.fr\/wp\/?product=03-sabots-sabecos\",\"name\":\"Sabots en bois Sabecos - Pascal Jusot - Artisan sabotier\",\"isPartOf\":{\"@id\":\"http:\/\/artisan-bois-sabots.fr\/wp\/#website\"},\"primaryImageOfPage\":{\"@id\":\"http:\/\/artisan-bois-sabots.fr\/wp\/?product=03-sabots-sabecos#primaryimage\"},\"image\":{\"@id\":\"http:\/\/artisan-bois-sabots.fr\/wp\/?product=03-sabots-sabecos#primaryimage\"},\"thumbnailUrl\":\"http:\/\/artisan-bois-sabots.fr\/wp\/wp-content\/uploads\/2014\/08\/sabots-jardin-sabeco600x450.jpg\",\"datePublished\":\"2014-08-23T17:58:02+00:00\",\"dateModified\":\"2023-12-04T19:31:10+00:00\",\"description\":\"Sabots en bois, tr\u00e8s confortables. Ces sabots ont une semelle en caoutchouc pour le confort de la marche et une voute plantaire \u00e0 l'int\u00e9rieur.\",\"breadcrumb\":{\"@id\":\"http:\/\/artisan-bois-sabots.fr\/wp\/?product=03-sabots-sabecos#breadcrumb\"},\"inLanguage\":\"fr-FR\",\"potentialAction\":[{\"@type\":\"ReadAction\",\"target\":[\"http:\/\/artisan-bois-sabots.fr\/wp\/?product=03-sabots-sabecos\"]}]},{\"@type\":\"ImageObject\",\"inLanguage\":\"fr-FR\",\"@id\":\"http:\/\/artisan-bois-sabots.fr\/wp\/?product=03-sabots-sabecos#primaryimage\",\"url\":\"http:\/\/artisan-bois-sabots.fr\/wp\/wp-content\/uploads\/2014\/08\/sabots-jardin-sabeco600x450.jpg\",\"contentUrl\":\"http:\/\/artisan-bois-sabots.fr\/wp\/wp-content\/uploads\/2014\/08\/sabots-jardin-sabeco600x450.jpg\",\"width\":600,\"height\":450,\"caption\":\"sabot de jardin Sabeco\"},{\"@type\":\"BreadcrumbList\",\"@id\":\"http:\/\/artisan-bois-sabots.fr\/wp\/?product=03-sabots-sabecos#breadcrumb\",\"itemListElement\":[{\"@type\":\"ListItem\",\"position\":1,\"name\":\"Accueil\",\"item\":\"http:\/\/artisan-bois-sabots.fr\/wp\"},{\"@type\":\"ListItem\",\"position\":2,\"name\":\"Boutique\",\"item\":\"http:\/\/artisan-bois-sabots.fr\/wp\/?page_id=7\"},{\"@type\":\"ListItem\",\"position\":3,\"name\":\"Sabots en bois Sabecos\"}]},{\"@type\":\"WebSite\",\"@id\":\"http:\/\/artisan-bois-sabots.fr\/wp\/#website\",\"url\":\"http:\/\/artisan-bois-sabots.fr\/wp\/\",\"name\":\"Pascal Jusot - Artisan sabotier\",\"description\":\"Sabots en bois - Ari\u00e8ge - Pyr\u00e9n\u00e9es\",\"potentialAction\":[{\"@type\":\"SearchAction\",\"target\":{\"@type\":\"EntryPoint\",\"urlTemplate\":\"http:\/\/artisan-bois-sabots.fr\/wp\/?s={search_term_string}\"},\"query-input\":\"required name=search_term_string\"}],\"inLanguage\":\"fr-FR\"}]}<\/script>\n<!-- \/ Yoast SEO plugin. -->","yoast_head_json":{"title":"Sabots en bois Sabecos - Pascal Jusot - Artisan sabotier","description":"Sabots en bois, tr\u00e8s confortables. Ces sabots ont une semelle en caoutchouc pour le confort de la marche et une voute plantaire \u00e0 l'int\u00e9rieur.","robots":{"index":"index","follow":"follow","max-snippet":"max-snippet:-1","max-image-preview":"max-image-preview:large","max-video-preview":"max-video-preview:-1"},"canonical":"http:\/\/artisan-bois-sabots.fr\/wp\/?product=03-sabots-sabecos","og_locale":"fr_FR","og_type":"article","og_title":"Sabots en bois Sabecos - Pascal Jusot - Artisan sabotier","og_description":"Sabots en bois, tr\u00e8s confortables. Ces sabots ont une semelle en caoutchouc pour le confort de la marche et une voute plantaire \u00e0 l'int\u00e9rieur.","og_url":"http:\/\/artisan-bois-sabots.fr\/wp\/?product=03-sabots-sabecos","og_site_name":"Pascal Jusot - Artisan sabotier","article_modified_time":"2023-12-04T19:31:10+00:00","og_image":[{"width":600,"height":450,"url":"http:\/\/artisan-bois-sabots.fr\/wp\/wp-content\/uploads\/2014\/08\/sabots-jardin-sabeco600x450.jpg","type":"image\/jpeg"}],"twitter_misc":{"Dur\u00e9e de lecture estim\u00e9e":"1 minute"},"schema":{"@context":"https:\/\/schema.org","@graph":[{"@type":"WebPage","@id":"http:\/\/artisan-bois-sabots.fr\/wp\/?product=03-sabots-sabecos","url":"http:\/\/artisan-bois-sabots.fr\/wp\/?product=03-sabots-sabecos","name":"Sabots en bois Sabecos - Pascal Jusot - Artisan sabotier","isPartOf":{"@id":"http:\/\/artisan-bois-sabots.fr\/wp\/#website"},"primaryImageOfPage":{"@id":"http:\/\/artisan-bois-sabots.fr\/wp\/?product=03-sabots-sabecos#primaryimage"},"image":{"@id":"http:\/\/artisan-bois-sabots.fr\/wp\/?product=03-sabots-sabecos#primaryimage"},"thumbnailUrl":"http:\/\/artisan-bois-sabots.fr\/wp\/wp-content\/uploads\/2014\/08\/sabots-jardin-sabeco600x450.jpg","datePublished":"2014-08-23T17:58:02+00:00","dateModified":"2023-12-04T19:31:10+00:00","description":"Sabots en bois, tr\u00e8s confortables. Ces sabots ont une semelle en caoutchouc pour le confort de la marche et une voute plantaire \u00e0 l'int\u00e9rieur.","breadcrumb":{"@id":"http:\/\/artisan-bois-sabots.fr\/wp\/?product=03-sabots-sabecos#breadcrumb"},"inLanguage":"fr-FR","potentialAction":[{"@type":"ReadAction","target":["http:\/\/artisan-bois-sabots.fr\/wp\/?product=03-sabots-sabecos"]}]},{"@type":"ImageObject","inLanguage":"fr-FR","@id":"http:\/\/artisan-bois-sabots.fr\/wp\/?product=03-sabots-sabecos#primaryimage","url":"http:\/\/artisan-bois-sabots.fr\/wp\/wp-content\/uploads\/2014\/08\/sabots-jardin-sabeco600x450.jpg","contentUrl":"http:\/\/artisan-bois-sabots.fr\/wp\/wp-content\/uploads\/2014\/08\/sabots-jardin-sabeco600x450.jpg","width":600,"height":450,"caption":"sabot de jardin Sabeco"},{"@type":"BreadcrumbList","@id":"http:\/\/artisan-bois-sabots.fr\/wp\/?product=03-sabots-sabecos#breadcrumb","itemListElement":[{"@type":"ListItem","position":1,"name":"Accueil","item":"http:\/\/artisan-bois-sabots.fr\/wp"},{"@type":"ListItem","position":2,"name":"Boutique","item":"http:\/\/artisan-bois-sabots.fr\/wp\/?page_id=7"},{"@type":"ListItem","position":3,"name":"Sabots en bois Sabecos"}]},{"@type":"WebSite","@id":"http:\/\/artisan-bois-sabots.fr\/wp\/#website","url":"http:\/\/artisan-bois-sabots.fr\/wp\/","name":"Pascal Jusot - Artisan sabotier","description":"Sabots en bois - Ari\u00e8ge - Pyr\u00e9n\u00e9es","potentialAction":[{"@type":"SearchAction","target":{"@type":"EntryPoint","urlTemplate":"http:\/\/artisan-bois-sabots.fr\/wp\/?s={search_term_string}"},"query-input":"required name=search_term_string"}],"inLanguage":"fr-FR"}]}},"_links":{"self":[{"href":"http:\/\/artisan-bois-sabots.fr\/wp\/index.php?rest_route=\/wp\/v2\/product\/256"}],"collection":[{"href":"http:\/\/artisan-bois-sabots.fr\/wp\/index.php?rest_route=\/wp\/v2\/product"}],"about":[{"href":"http:\/\/artisan-bois-sabots.fr\/wp\/index.php?rest_route=\/wp\/v2\/types\/product"}],"replies":[{"embeddable":true,"href":"http:\/\/artisan-bois-sabots.fr\/wp\/index.php?rest_route=%2Fwp%2Fv2%2Fcomments&post=256"}],"wp:featuredmedia":[{"embeddable":true,"href":"http:\/\/artisan-bois-sabots.fr\/wp\/index.php?rest_route=\/wp\/v2\/media\/834"}],"wp:attachment":[{"href":"http:\/\/artisan-bois-sabots.fr\/wp\/index.php?rest_route=%2Fwp%2Fv2%2Fmedia&parent=256"}],"curies":[{"name":"wp","href":"https:\/\/api.w.org\/{rel}","templated":true}]}}