{"id":251,"date":"2014-08-23T19:30:49","date_gmt":"2014-08-23T17:30:49","guid":{"rendered":"http:\/\/artisan-bois-sabots.fr\/wp\/?post_type=product&#038;p=251"},"modified":"2023-12-04T20:25:10","modified_gmt":"2023-12-04T19:25:10","slug":"02-sabots-vernis","status":"publish","type":"product","link":"http:\/\/artisan-bois-sabots.fr\/wp\/?product=02-sabots-vernis","title":{"rendered":"Sabots en bois vernis"},"content":{"rendered":"<p>Ces sabots \u00e0 bouts pointus sont les plus traditionnels de ma fabrication.\u00a0 Ils pr\u00e9sentent les finitions suivantes :<\/p>\n<p>&#8211; brides en cuir avec coussin,<\/p>\n<p>&#8211; semelles caoutchout\u00e9es \u00e0 partir de la taille 35,<\/p>\n<p>&#8211; grav\u00e9s de l&rsquo;\u00e9pi de bl\u00e9<\/p>\n<p>&#8211; vernis.<\/p>\n<p>Ils peuvent recevoir une personnalisation (nom,date&#8230;.) : vous pourrez mentionner la nature de la\u00a0 personnalisation dans le r\u00e9capitulatif de commande \u00ab\u00a0note de la commande\u00a0\u00bb.<\/p>\n<p><em>la paire de sabot pr\u00e9sent\u00e9e est vernis, grav\u00e9e.<\/em><\/p>\n<p>Commande en nombre pour les groupes folkloriques ou autres veuillez me contacter pour devis.<\/p>\n<p>Produit de fabrication fran\u00e7aise, labellis\u00e9 par la marque PARC du Parc <a href=\"http:\/\/www.produits-parc-pyrenees-ariegeoises.fr\/\" target=\"_blank\">Naturel R\u00e9gional des Pyr\u00e9n\u00e9es Ari\u00e9geoises<\/a>.<\/p>\n<p>&nbsp;<\/p>\n","protected":false},"excerpt":{"rendered":"<p>Pour choisir votre pointure, mesurez la longueur de votre pied en centim\u00e8tres et s\u00e9lectionnez la taille correspondante.<br \/>\nCe mod\u00e8le peut se porter avec ou sans chaussons : pr\u00e9voyez une pointure de plus si vous souhaitez utiliser des chaussons.<\/p>\n","protected":false},"featured_media":844,"comment_status":"closed","ping_status":"closed","template":"","meta":[],"yoast_head":"<!-- This site is optimized with the Yoast SEO plugin v22.8 - https:\/\/yoast.com\/wordpress\/plugins\/seo\/ -->\n<title>Sabots en bois vernis - Pascal Jusot - Artisan sabotier<\/title>\n<meta name=\"description\" content=\"Paire de sabots en bois, \u00e0 bouts pointus. La semelle en caoutchouc et la voute plantaire \u00e0 l&#039;int\u00e9rieur les rendent tr\u00e8s confortables. Id\u00e9al pour le jardin et les ext\u00e9rieurs de la maison pour se prot\u00e9ger du froid, de l&#039;humidit\u00e9 et de la transpiration.\" \/>\n<meta name=\"robots\" content=\"index, follow, max-snippet:-1, max-image-preview:large, max-video-preview:-1\" \/>\n<link rel=\"canonical\" href=\"http:\/\/artisan-bois-sabots.fr\/wp\/?product=02-sabots-vernis\" \/>\n<meta property=\"og:locale\" content=\"fr_FR\" \/>\n<meta property=\"og:type\" content=\"article\" \/>\n<meta property=\"og:title\" content=\"Sabots en bois vernis - Pascal Jusot - Artisan sabotier\" \/>\n<meta property=\"og:description\" content=\"Paire de sabots en bois, \u00e0 bouts pointus. La semelle en caoutchouc et la voute plantaire \u00e0 l&#039;int\u00e9rieur les rendent tr\u00e8s confortables. Id\u00e9al pour le jardin et les ext\u00e9rieurs de la maison pour se prot\u00e9ger du froid, de l&#039;humidit\u00e9 et de la transpiration.\" \/>\n<meta property=\"og:url\" content=\"http:\/\/artisan-bois-sabots.fr\/wp\/?product=02-sabots-vernis\" \/>\n<meta property=\"og:site_name\" content=\"Pascal Jusot - Artisan sabotier\" \/>\n<meta property=\"article:modified_time\" content=\"2023-12-04T19:25:10+00:00\" \/>\n<meta property=\"og:image\" content=\"http:\/\/artisan-bois-sabots.fr\/wp\/wp-content\/uploads\/2014\/08\/VERNIS-600X450.jpg\" \/>\n\t<meta property=\"og:image:width\" content=\"600\" \/>\n\t<meta property=\"og:image:height\" content=\"450\" \/>\n\t<meta property=\"og:image:type\" content=\"image\/jpeg\" \/>\n<meta name=\"twitter:label1\" content=\"Dur\u00e9e de lecture estim\u00e9e\" \/>\n\t<meta name=\"twitter:data1\" content=\"1 minute\" \/>\n<script type=\"application\/ld+json\" class=\"yoast-schema-graph\">{\"@context\":\"https:\/\/schema.org\",\"@graph\":[{\"@type\":\"WebPage\",\"@id\":\"http:\/\/artisan-bois-sabots.fr\/wp\/?product=02-sabots-vernis\",\"url\":\"http:\/\/artisan-bois-sabots.fr\/wp\/?product=02-sabots-vernis\",\"name\":\"Sabots en bois vernis - Pascal Jusot - Artisan sabotier\",\"isPartOf\":{\"@id\":\"http:\/\/artisan-bois-sabots.fr\/wp\/#website\"},\"primaryImageOfPage\":{\"@id\":\"http:\/\/artisan-bois-sabots.fr\/wp\/?product=02-sabots-vernis#primaryimage\"},\"image\":{\"@id\":\"http:\/\/artisan-bois-sabots.fr\/wp\/?product=02-sabots-vernis#primaryimage\"},\"thumbnailUrl\":\"http:\/\/artisan-bois-sabots.fr\/wp\/wp-content\/uploads\/2014\/08\/VERNIS-600X450.jpg\",\"datePublished\":\"2014-08-23T17:30:49+00:00\",\"dateModified\":\"2023-12-04T19:25:10+00:00\",\"description\":\"Paire de sabots en bois, \u00e0 bouts pointus. La semelle en caoutchouc et la voute plantaire \u00e0 l'int\u00e9rieur les rendent tr\u00e8s confortables. Id\u00e9al pour le jardin et les ext\u00e9rieurs de la maison pour se prot\u00e9ger du froid, de l'humidit\u00e9 et de la transpiration.\",\"breadcrumb\":{\"@id\":\"http:\/\/artisan-bois-sabots.fr\/wp\/?product=02-sabots-vernis#breadcrumb\"},\"inLanguage\":\"fr-FR\",\"potentialAction\":[{\"@type\":\"ReadAction\",\"target\":[\"http:\/\/artisan-bois-sabots.fr\/wp\/?product=02-sabots-vernis\"]}]},{\"@type\":\"ImageObject\",\"inLanguage\":\"fr-FR\",\"@id\":\"http:\/\/artisan-bois-sabots.fr\/wp\/?product=02-sabots-vernis#primaryimage\",\"url\":\"http:\/\/artisan-bois-sabots.fr\/wp\/wp-content\/uploads\/2014\/08\/VERNIS-600X450.jpg\",\"contentUrl\":\"http:\/\/artisan-bois-sabots.fr\/wp\/wp-content\/uploads\/2014\/08\/VERNIS-600X450.jpg\",\"width\":600,\"height\":450,\"caption\":\"sabots \u00e0 bouts pointus\"},{\"@type\":\"BreadcrumbList\",\"@id\":\"http:\/\/artisan-bois-sabots.fr\/wp\/?product=02-sabots-vernis#breadcrumb\",\"itemListElement\":[{\"@type\":\"ListItem\",\"position\":1,\"name\":\"Accueil\",\"item\":\"http:\/\/artisan-bois-sabots.fr\/wp\"},{\"@type\":\"ListItem\",\"position\":2,\"name\":\"Boutique\",\"item\":\"http:\/\/artisan-bois-sabots.fr\/wp\/?page_id=7\"},{\"@type\":\"ListItem\",\"position\":3,\"name\":\"Sabots en bois vernis\"}]},{\"@type\":\"WebSite\",\"@id\":\"http:\/\/artisan-bois-sabots.fr\/wp\/#website\",\"url\":\"http:\/\/artisan-bois-sabots.fr\/wp\/\",\"name\":\"Pascal Jusot - Artisan sabotier\",\"description\":\"Sabots en bois - Ari\u00e8ge - Pyr\u00e9n\u00e9es\",\"potentialAction\":[{\"@type\":\"SearchAction\",\"target\":{\"@type\":\"EntryPoint\",\"urlTemplate\":\"http:\/\/artisan-bois-sabots.fr\/wp\/?s={search_term_string}\"},\"query-input\":\"required name=search_term_string\"}],\"inLanguage\":\"fr-FR\"}]}<\/script>\n<!-- \/ Yoast SEO plugin. -->","yoast_head_json":{"title":"Sabots en bois vernis - Pascal Jusot - Artisan sabotier","description":"Paire de sabots en bois, \u00e0 bouts pointus. La semelle en caoutchouc et la voute plantaire \u00e0 l'int\u00e9rieur les rendent tr\u00e8s confortables. Id\u00e9al pour le jardin et les ext\u00e9rieurs de la maison pour se prot\u00e9ger du froid, de l'humidit\u00e9 et de la transpiration.","robots":{"index":"index","follow":"follow","max-snippet":"max-snippet:-1","max-image-preview":"max-image-preview:large","max-video-preview":"max-video-preview:-1"},"canonical":"http:\/\/artisan-bois-sabots.fr\/wp\/?product=02-sabots-vernis","og_locale":"fr_FR","og_type":"article","og_title":"Sabots en bois vernis - Pascal Jusot - Artisan sabotier","og_description":"Paire de sabots en bois, \u00e0 bouts pointus. La semelle en caoutchouc et la voute plantaire \u00e0 l'int\u00e9rieur les rendent tr\u00e8s confortables. Id\u00e9al pour le jardin et les ext\u00e9rieurs de la maison pour se prot\u00e9ger du froid, de l'humidit\u00e9 et de la transpiration.","og_url":"http:\/\/artisan-bois-sabots.fr\/wp\/?product=02-sabots-vernis","og_site_name":"Pascal Jusot - Artisan sabotier","article_modified_time":"2023-12-04T19:25:10+00:00","og_image":[{"width":600,"height":450,"url":"http:\/\/artisan-bois-sabots.fr\/wp\/wp-content\/uploads\/2014\/08\/VERNIS-600X450.jpg","type":"image\/jpeg"}],"twitter_misc":{"Dur\u00e9e de lecture estim\u00e9e":"1 minute"},"schema":{"@context":"https:\/\/schema.org","@graph":[{"@type":"WebPage","@id":"http:\/\/artisan-bois-sabots.fr\/wp\/?product=02-sabots-vernis","url":"http:\/\/artisan-bois-sabots.fr\/wp\/?product=02-sabots-vernis","name":"Sabots en bois vernis - Pascal Jusot - Artisan sabotier","isPartOf":{"@id":"http:\/\/artisan-bois-sabots.fr\/wp\/#website"},"primaryImageOfPage":{"@id":"http:\/\/artisan-bois-sabots.fr\/wp\/?product=02-sabots-vernis#primaryimage"},"image":{"@id":"http:\/\/artisan-bois-sabots.fr\/wp\/?product=02-sabots-vernis#primaryimage"},"thumbnailUrl":"http:\/\/artisan-bois-sabots.fr\/wp\/wp-content\/uploads\/2014\/08\/VERNIS-600X450.jpg","datePublished":"2014-08-23T17:30:49+00:00","dateModified":"2023-12-04T19:25:10+00:00","description":"Paire de sabots en bois, \u00e0 bouts pointus. La semelle en caoutchouc et la voute plantaire \u00e0 l'int\u00e9rieur les rendent tr\u00e8s confortables. Id\u00e9al pour le jardin et les ext\u00e9rieurs de la maison pour se prot\u00e9ger du froid, de l'humidit\u00e9 et de la transpiration.","breadcrumb":{"@id":"http:\/\/artisan-bois-sabots.fr\/wp\/?product=02-sabots-vernis#breadcrumb"},"inLanguage":"fr-FR","potentialAction":[{"@type":"ReadAction","target":["http:\/\/artisan-bois-sabots.fr\/wp\/?product=02-sabots-vernis"]}]},{"@type":"ImageObject","inLanguage":"fr-FR","@id":"http:\/\/artisan-bois-sabots.fr\/wp\/?product=02-sabots-vernis#primaryimage","url":"http:\/\/artisan-bois-sabots.fr\/wp\/wp-content\/uploads\/2014\/08\/VERNIS-600X450.jpg","contentUrl":"http:\/\/artisan-bois-sabots.fr\/wp\/wp-content\/uploads\/2014\/08\/VERNIS-600X450.jpg","width":600,"height":450,"caption":"sabots \u00e0 bouts pointus"},{"@type":"BreadcrumbList","@id":"http:\/\/artisan-bois-sabots.fr\/wp\/?product=02-sabots-vernis#breadcrumb","itemListElement":[{"@type":"ListItem","position":1,"name":"Accueil","item":"http:\/\/artisan-bois-sabots.fr\/wp"},{"@type":"ListItem","position":2,"name":"Boutique","item":"http:\/\/artisan-bois-sabots.fr\/wp\/?page_id=7"},{"@type":"ListItem","position":3,"name":"Sabots en bois vernis"}]},{"@type":"WebSite","@id":"http:\/\/artisan-bois-sabots.fr\/wp\/#website","url":"http:\/\/artisan-bois-sabots.fr\/wp\/","name":"Pascal Jusot - Artisan sabotier","description":"Sabots en bois - Ari\u00e8ge - Pyr\u00e9n\u00e9es","potentialAction":[{"@type":"SearchAction","target":{"@type":"EntryPoint","urlTemplate":"http:\/\/artisan-bois-sabots.fr\/wp\/?s={search_term_string}"},"query-input":"required name=search_term_string"}],"inLanguage":"fr-FR"}]}},"_links":{"self":[{"href":"http:\/\/artisan-bois-sabots.fr\/wp\/index.php?rest_route=\/wp\/v2\/product\/251"}],"collection":[{"href":"http:\/\/artisan-bois-sabots.fr\/wp\/index.php?rest_route=\/wp\/v2\/product"}],"about":[{"href":"http:\/\/artisan-bois-sabots.fr\/wp\/index.php?rest_route=\/wp\/v2\/types\/product"}],"replies":[{"embeddable":true,"href":"http:\/\/artisan-bois-sabots.fr\/wp\/index.php?rest_route=%2Fwp%2Fv2%2Fcomments&post=251"}],"wp:featuredmedia":[{"embeddable":true,"href":"http:\/\/artisan-bois-sabots.fr\/wp\/index.php?rest_route=\/wp\/v2\/media\/844"}],"wp:attachment":[{"href":"http:\/\/artisan-bois-sabots.fr\/wp\/index.php?rest_route=%2Fwp%2Fv2%2Fmedia&parent=251"}],"curies":[{"name":"wp","href":"https:\/\/api.w.org\/{rel}","templated":true}]}}