{"id":71,"date":"2014-04-20T20:50:47","date_gmt":"2014-04-20T18:50:47","guid":{"rendered":"http:\/\/artisan-bois-sabots.fr\/wp\/?page_id=71"},"modified":"2015-08-27T17:27:55","modified_gmt":"2015-08-27T15:27:55","slug":"entretien-des-sabots","status":"publish","type":"page","link":"http:\/\/artisan-bois-sabots.fr\/wp\/?page_id=71","title":{"rendered":"Entretien des sabots"},"content":{"rendered":"<p>L&rsquo;entretien des sabots est facile.<\/p>\n<p>De temps en temps, il est recommand\u00e9 de<\/p>\n<ul>\n<li>passer de la graisse animale sur les brides en cuir<\/li>\n<li>du vernis pour ext\u00e9rieur sur les sabots quand celui-ci sera d\u00e9fraichi.<\/li>\n<\/ul>\n<p>\u00c9vitez de laisser les sabots s\u00e9journer dans l&rsquo;humidit\u00e9 lorsqu&rsquo;ils ne sont\u00a0 pas utilis\u00e9s.<\/p>\n<p>Les semelles caoutchouc doivent \u00eatre chang\u00e9es avant compl\u00e8te usure pour la dur\u00e9e des sabots.<\/p>\n","protected":false},"excerpt":{"rendered":"<p>L&rsquo;entretien des sabots est facile. De temps en temps, il est recommand\u00e9 de passer de la graisse animale sur les brides en cuir du vernis pour ext\u00e9rieur sur les sabots quand celui-ci sera d\u00e9fraichi. \u00c9vitez de laisser les sabots s\u00e9journer &hellip; <a href=\"http:\/\/artisan-bois-sabots.fr\/wp\/?page_id=71\">Lire la suite\u00ad\u00ad<\/a><\/p>\n","protected":false},"author":1,"featured_media":0,"parent":0,"menu_order":0,"comment_status":"open","ping_status":"closed","template":"","meta":{"footnotes":""},"yoast_head":"<!-- This site is optimized with the Yoast SEO plugin v22.8 - https:\/\/yoast.com\/wordpress\/plugins\/seo\/ -->\n<title>Entretien des sabots - Pascal Jusot - Artisan sabotier<\/title>\n<meta name=\"description\" content=\"l&#039;entretien des sabots est facile avec de la graisse animale \u00e0 passer sur les brides et du vernis pour ext\u00e9rieur pour le bois.\" \/>\n<meta name=\"robots\" content=\"index, follow, max-snippet:-1, max-image-preview:large, max-video-preview:-1\" \/>\n<link rel=\"canonical\" href=\"http:\/\/artisan-bois-sabots.fr\/wp\/?page_id=71\" \/>\n<meta property=\"og:locale\" content=\"fr_FR\" \/>\n<meta property=\"og:type\" content=\"article\" \/>\n<meta property=\"og:title\" content=\"Entretien des sabots - Pascal Jusot - Artisan sabotier\" \/>\n<meta property=\"og:description\" content=\"l&#039;entretien des sabots est facile avec de la graisse animale \u00e0 passer sur les brides et du vernis pour ext\u00e9rieur pour le bois.\" \/>\n<meta property=\"og:url\" content=\"http:\/\/artisan-bois-sabots.fr\/wp\/?page_id=71\" \/>\n<meta property=\"og:site_name\" content=\"Pascal Jusot - Artisan sabotier\" \/>\n<meta property=\"article:modified_time\" content=\"2015-08-27T15:27:55+00:00\" \/>\n<script type=\"application\/ld+json\" class=\"yoast-schema-graph\">{\"@context\":\"https:\/\/schema.org\",\"@graph\":[{\"@type\":\"WebPage\",\"@id\":\"http:\/\/artisan-bois-sabots.fr\/wp\/?page_id=71\",\"url\":\"http:\/\/artisan-bois-sabots.fr\/wp\/?page_id=71\",\"name\":\"Entretien des sabots - Pascal Jusot - Artisan sabotier\",\"isPartOf\":{\"@id\":\"http:\/\/artisan-bois-sabots.fr\/wp\/#website\"},\"datePublished\":\"2014-04-20T18:50:47+00:00\",\"dateModified\":\"2015-08-27T15:27:55+00:00\",\"description\":\"l'entretien des sabots est facile avec de la graisse animale \u00e0 passer sur les brides et du vernis pour ext\u00e9rieur pour le bois.\",\"breadcrumb\":{\"@id\":\"http:\/\/artisan-bois-sabots.fr\/wp\/?page_id=71#breadcrumb\"},\"inLanguage\":\"fr-FR\",\"potentialAction\":[{\"@type\":\"ReadAction\",\"target\":[\"http:\/\/artisan-bois-sabots.fr\/wp\/?page_id=71\"]}]},{\"@type\":\"BreadcrumbList\",\"@id\":\"http:\/\/artisan-bois-sabots.fr\/wp\/?page_id=71#breadcrumb\",\"itemListElement\":[{\"@type\":\"ListItem\",\"position\":1,\"name\":\"Accueil\",\"item\":\"http:\/\/artisan-bois-sabots.fr\/wp\"},{\"@type\":\"ListItem\",\"position\":2,\"name\":\"Entretien des sabots\"}]},{\"@type\":\"WebSite\",\"@id\":\"http:\/\/artisan-bois-sabots.fr\/wp\/#website\",\"url\":\"http:\/\/artisan-bois-sabots.fr\/wp\/\",\"name\":\"Pascal Jusot - Artisan sabotier\",\"description\":\"Sabots en bois - Ari\u00e8ge - Pyr\u00e9n\u00e9es\",\"potentialAction\":[{\"@type\":\"SearchAction\",\"target\":{\"@type\":\"EntryPoint\",\"urlTemplate\":\"http:\/\/artisan-bois-sabots.fr\/wp\/?s={search_term_string}\"},\"query-input\":\"required name=search_term_string\"}],\"inLanguage\":\"fr-FR\"}]}<\/script>\n<!-- \/ Yoast SEO plugin. -->","yoast_head_json":{"title":"Entretien des sabots - Pascal Jusot - Artisan sabotier","description":"l'entretien des sabots est facile avec de la graisse animale \u00e0 passer sur les brides et du vernis pour ext\u00e9rieur pour le bois.","robots":{"index":"index","follow":"follow","max-snippet":"max-snippet:-1","max-image-preview":"max-image-preview:large","max-video-preview":"max-video-preview:-1"},"canonical":"http:\/\/artisan-bois-sabots.fr\/wp\/?page_id=71","og_locale":"fr_FR","og_type":"article","og_title":"Entretien des sabots - Pascal Jusot - Artisan sabotier","og_description":"l'entretien des sabots est facile avec de la graisse animale \u00e0 passer sur les brides et du vernis pour ext\u00e9rieur pour le bois.","og_url":"http:\/\/artisan-bois-sabots.fr\/wp\/?page_id=71","og_site_name":"Pascal Jusot - Artisan sabotier","article_modified_time":"2015-08-27T15:27:55+00:00","schema":{"@context":"https:\/\/schema.org","@graph":[{"@type":"WebPage","@id":"http:\/\/artisan-bois-sabots.fr\/wp\/?page_id=71","url":"http:\/\/artisan-bois-sabots.fr\/wp\/?page_id=71","name":"Entretien des sabots - Pascal Jusot - Artisan sabotier","isPartOf":{"@id":"http:\/\/artisan-bois-sabots.fr\/wp\/#website"},"datePublished":"2014-04-20T18:50:47+00:00","dateModified":"2015-08-27T15:27:55+00:00","description":"l'entretien des sabots est facile avec de la graisse animale \u00e0 passer sur les brides et du vernis pour ext\u00e9rieur pour le bois.","breadcrumb":{"@id":"http:\/\/artisan-bois-sabots.fr\/wp\/?page_id=71#breadcrumb"},"inLanguage":"fr-FR","potentialAction":[{"@type":"ReadAction","target":["http:\/\/artisan-bois-sabots.fr\/wp\/?page_id=71"]}]},{"@type":"BreadcrumbList","@id":"http:\/\/artisan-bois-sabots.fr\/wp\/?page_id=71#breadcrumb","itemListElement":[{"@type":"ListItem","position":1,"name":"Accueil","item":"http:\/\/artisan-bois-sabots.fr\/wp"},{"@type":"ListItem","position":2,"name":"Entretien des sabots"}]},{"@type":"WebSite","@id":"http:\/\/artisan-bois-sabots.fr\/wp\/#website","url":"http:\/\/artisan-bois-sabots.fr\/wp\/","name":"Pascal Jusot - Artisan sabotier","description":"Sabots en bois - Ari\u00e8ge - Pyr\u00e9n\u00e9es","potentialAction":[{"@type":"SearchAction","target":{"@type":"EntryPoint","urlTemplate":"http:\/\/artisan-bois-sabots.fr\/wp\/?s={search_term_string}"},"query-input":"required name=search_term_string"}],"inLanguage":"fr-FR"}]}},"_links":{"self":[{"href":"http:\/\/artisan-bois-sabots.fr\/wp\/index.php?rest_route=\/wp\/v2\/pages\/71"}],"collection":[{"href":"http:\/\/artisan-bois-sabots.fr\/wp\/index.php?rest_route=\/wp\/v2\/pages"}],"about":[{"href":"http:\/\/artisan-bois-sabots.fr\/wp\/index.php?rest_route=\/wp\/v2\/types\/page"}],"author":[{"embeddable":true,"href":"http:\/\/artisan-bois-sabots.fr\/wp\/index.php?rest_route=\/wp\/v2\/users\/1"}],"replies":[{"embeddable":true,"href":"http:\/\/artisan-bois-sabots.fr\/wp\/index.php?rest_route=%2Fwp%2Fv2%2Fcomments&post=71"}],"version-history":[{"count":8,"href":"http:\/\/artisan-bois-sabots.fr\/wp\/index.php?rest_route=\/wp\/v2\/pages\/71\/revisions"}],"predecessor-version":[{"id":1017,"href":"http:\/\/artisan-bois-sabots.fr\/wp\/index.php?rest_route=\/wp\/v2\/pages\/71\/revisions\/1017"}],"wp:attachment":[{"href":"http:\/\/artisan-bois-sabots.fr\/wp\/index.php?rest_route=%2Fwp%2Fv2%2Fmedia&parent=71"}],"curies":[{"name":"wp","href":"https:\/\/api.w.org\/{rel}","templated":true}]}}