{"id":69,"date":"2014-04-20T20:50:22","date_gmt":"2014-04-20T18:50:22","guid":{"rendered":"http:\/\/artisan-bois-sabots.fr\/wp\/?page_id=69"},"modified":"2019-10-12T20:25:09","modified_gmt":"2019-10-12T18:25:09","slug":"choisir-la-bonne-taille","status":"publish","type":"page","link":"http:\/\/artisan-bois-sabots.fr\/wp\/?page_id=69","title":{"rendered":"Nous rendre visite"},"content":{"rendered":"<p>Vous pouvez visiter l&rsquo;atelier et d\u00e9couvrir la\u00a0Boutique.<\/p>\n<p><strong>Hors saison :<\/strong><\/p>\n<p>Etant donn\u00e9 que je travaille\u00a0dans 2 ateliers, je vous recommande\u00a0de t\u00e9l\u00e9phoner avant votre passage (05 61 96 78 84).<\/p>\n<p><strong>En saison estivale :<\/strong><\/p>\n<ul>\n<li>ouvert tous les jours de 15h \u00e0 19h en visite libre<\/li>\n<li>Visite comment\u00e9e le mardi \u00e0 15h : <em>v<\/em>ous d\u00e9couvrirez les diff\u00e9rentes \u00e9tapes de la fabrication des sabots de Bethmale et des sabots de jardin.<br \/>\nDur\u00e9e 45 mn environ &#8211; Participation 3\u20ac\/p.<\/li>\n<\/ul>\n","protected":false},"excerpt":{"rendered":"<p>Vous pouvez visiter l&rsquo;atelier et d\u00e9couvrir la\u00a0Boutique. Hors saison : Etant donn\u00e9 que je travaille\u00a0dans 2 ateliers, je vous recommande\u00a0de t\u00e9l\u00e9phoner avant votre passage (05 61 96 78 84). En saison estivale : ouvert tous les jours de 15h \u00e0 &hellip; <a href=\"http:\/\/artisan-bois-sabots.fr\/wp\/?page_id=69\">Lire la suite\u00ad\u00ad<\/a><\/p>\n","protected":false},"author":1,"featured_media":0,"parent":0,"menu_order":0,"comment_status":"open","ping_status":"open","template":"","meta":{"footnotes":""},"yoast_head":"<!-- This site is optimized with the Yoast SEO plugin v22.8 - https:\/\/yoast.com\/wordpress\/plugins\/seo\/ -->\n<title>Nous rendre visite - Pascal Jusot - Artisan sabotier<\/title>\n<meta name=\"robots\" content=\"index, follow, max-snippet:-1, max-image-preview:large, max-video-preview:-1\" \/>\n<link rel=\"canonical\" href=\"http:\/\/artisan-bois-sabots.fr\/wp\/?page_id=69\" \/>\n<meta property=\"og:locale\" content=\"fr_FR\" \/>\n<meta property=\"og:type\" content=\"article\" \/>\n<meta property=\"og:title\" content=\"Nous rendre visite - Pascal Jusot - Artisan sabotier\" \/>\n<meta property=\"og:description\" content=\"Vous pouvez visiter l&rsquo;atelier et d\u00e9couvrir la\u00a0Boutique. Hors saison : Etant donn\u00e9 que je travaille\u00a0dans 2 ateliers, je vous recommande\u00a0de t\u00e9l\u00e9phoner avant votre passage (05 61 96 78 84). En saison estivale : ouvert tous les jours de 15h \u00e0 &hellip; Lire la suite\u00ad\u00ad\" \/>\n<meta property=\"og:url\" content=\"http:\/\/artisan-bois-sabots.fr\/wp\/?page_id=69\" \/>\n<meta property=\"og:site_name\" content=\"Pascal Jusot - Artisan sabotier\" \/>\n<meta property=\"article:modified_time\" content=\"2019-10-12T18:25:09+00:00\" \/>\n<script type=\"application\/ld+json\" class=\"yoast-schema-graph\">{\"@context\":\"https:\/\/schema.org\",\"@graph\":[{\"@type\":\"WebPage\",\"@id\":\"http:\/\/artisan-bois-sabots.fr\/wp\/?page_id=69\",\"url\":\"http:\/\/artisan-bois-sabots.fr\/wp\/?page_id=69\",\"name\":\"Nous rendre visite - Pascal Jusot - Artisan sabotier\",\"isPartOf\":{\"@id\":\"http:\/\/artisan-bois-sabots.fr\/wp\/#website\"},\"datePublished\":\"2014-04-20T18:50:22+00:00\",\"dateModified\":\"2019-10-12T18:25:09+00:00\",\"breadcrumb\":{\"@id\":\"http:\/\/artisan-bois-sabots.fr\/wp\/?page_id=69#breadcrumb\"},\"inLanguage\":\"fr-FR\",\"potentialAction\":[{\"@type\":\"ReadAction\",\"target\":[\"http:\/\/artisan-bois-sabots.fr\/wp\/?page_id=69\"]}]},{\"@type\":\"BreadcrumbList\",\"@id\":\"http:\/\/artisan-bois-sabots.fr\/wp\/?page_id=69#breadcrumb\",\"itemListElement\":[{\"@type\":\"ListItem\",\"position\":1,\"name\":\"Accueil\",\"item\":\"http:\/\/artisan-bois-sabots.fr\/wp\"},{\"@type\":\"ListItem\",\"position\":2,\"name\":\"Nous rendre visite\"}]},{\"@type\":\"WebSite\",\"@id\":\"http:\/\/artisan-bois-sabots.fr\/wp\/#website\",\"url\":\"http:\/\/artisan-bois-sabots.fr\/wp\/\",\"name\":\"Pascal Jusot - Artisan sabotier\",\"description\":\"Sabots en bois - Ari\u00e8ge - Pyr\u00e9n\u00e9es\",\"potentialAction\":[{\"@type\":\"SearchAction\",\"target\":{\"@type\":\"EntryPoint\",\"urlTemplate\":\"http:\/\/artisan-bois-sabots.fr\/wp\/?s={search_term_string}\"},\"query-input\":\"required name=search_term_string\"}],\"inLanguage\":\"fr-FR\"}]}<\/script>\n<!-- \/ Yoast SEO plugin. -->","yoast_head_json":{"title":"Nous rendre visite - Pascal Jusot - Artisan sabotier","robots":{"index":"index","follow":"follow","max-snippet":"max-snippet:-1","max-image-preview":"max-image-preview:large","max-video-preview":"max-video-preview:-1"},"canonical":"http:\/\/artisan-bois-sabots.fr\/wp\/?page_id=69","og_locale":"fr_FR","og_type":"article","og_title":"Nous rendre visite - Pascal Jusot - Artisan sabotier","og_description":"Vous pouvez visiter l&rsquo;atelier et d\u00e9couvrir la\u00a0Boutique. Hors saison : Etant donn\u00e9 que je travaille\u00a0dans 2 ateliers, je vous recommande\u00a0de t\u00e9l\u00e9phoner avant votre passage (05 61 96 78 84). En saison estivale : ouvert tous les jours de 15h \u00e0 &hellip; Lire la suite\u00ad\u00ad","og_url":"http:\/\/artisan-bois-sabots.fr\/wp\/?page_id=69","og_site_name":"Pascal Jusot - Artisan sabotier","article_modified_time":"2019-10-12T18:25:09+00:00","schema":{"@context":"https:\/\/schema.org","@graph":[{"@type":"WebPage","@id":"http:\/\/artisan-bois-sabots.fr\/wp\/?page_id=69","url":"http:\/\/artisan-bois-sabots.fr\/wp\/?page_id=69","name":"Nous rendre visite - Pascal Jusot - Artisan sabotier","isPartOf":{"@id":"http:\/\/artisan-bois-sabots.fr\/wp\/#website"},"datePublished":"2014-04-20T18:50:22+00:00","dateModified":"2019-10-12T18:25:09+00:00","breadcrumb":{"@id":"http:\/\/artisan-bois-sabots.fr\/wp\/?page_id=69#breadcrumb"},"inLanguage":"fr-FR","potentialAction":[{"@type":"ReadAction","target":["http:\/\/artisan-bois-sabots.fr\/wp\/?page_id=69"]}]},{"@type":"BreadcrumbList","@id":"http:\/\/artisan-bois-sabots.fr\/wp\/?page_id=69#breadcrumb","itemListElement":[{"@type":"ListItem","position":1,"name":"Accueil","item":"http:\/\/artisan-bois-sabots.fr\/wp"},{"@type":"ListItem","position":2,"name":"Nous rendre visite"}]},{"@type":"WebSite","@id":"http:\/\/artisan-bois-sabots.fr\/wp\/#website","url":"http:\/\/artisan-bois-sabots.fr\/wp\/","name":"Pascal Jusot - Artisan sabotier","description":"Sabots en bois - Ari\u00e8ge - Pyr\u00e9n\u00e9es","potentialAction":[{"@type":"SearchAction","target":{"@type":"EntryPoint","urlTemplate":"http:\/\/artisan-bois-sabots.fr\/wp\/?s={search_term_string}"},"query-input":"required name=search_term_string"}],"inLanguage":"fr-FR"}]}},"_links":{"self":[{"href":"http:\/\/artisan-bois-sabots.fr\/wp\/index.php?rest_route=\/wp\/v2\/pages\/69"}],"collection":[{"href":"http:\/\/artisan-bois-sabots.fr\/wp\/index.php?rest_route=\/wp\/v2\/pages"}],"about":[{"href":"http:\/\/artisan-bois-sabots.fr\/wp\/index.php?rest_route=\/wp\/v2\/types\/page"}],"author":[{"embeddable":true,"href":"http:\/\/artisan-bois-sabots.fr\/wp\/index.php?rest_route=\/wp\/v2\/users\/1"}],"replies":[{"embeddable":true,"href":"http:\/\/artisan-bois-sabots.fr\/wp\/index.php?rest_route=%2Fwp%2Fv2%2Fcomments&post=69"}],"version-history":[{"count":14,"href":"http:\/\/artisan-bois-sabots.fr\/wp\/index.php?rest_route=\/wp\/v2\/pages\/69\/revisions"}],"predecessor-version":[{"id":1436,"href":"http:\/\/artisan-bois-sabots.fr\/wp\/index.php?rest_route=\/wp\/v2\/pages\/69\/revisions\/1436"}],"wp:attachment":[{"href":"http:\/\/artisan-bois-sabots.fr\/wp\/index.php?rest_route=%2Fwp%2Fv2%2Fmedia&parent=69"}],"curies":[{"name":"wp","href":"https:\/\/api.w.org\/{rel}","templated":true}]}}