{"id":58,"date":"2014-04-13T21:05:14","date_gmt":"2014-04-13T19:05:14","guid":{"rendered":"http:\/\/artisan-bois-sabots.fr\/wp\/?page_id=58"},"modified":"2014-10-17T07:43:05","modified_gmt":"2014-10-17T05:43:05","slug":"nous-rendre-visite","status":"publish","type":"page","link":"http:\/\/artisan-bois-sabots.fr\/wp\/?page_id=58","title":{"rendered":"Acc\u00e8s"},"content":{"rendered":"","protected":false},"excerpt":{"rendered":"","protected":false},"author":1,"featured_media":0,"parent":0,"menu_order":0,"comment_status":"open","ping_status":"closed","template":"page-contact.php","meta":{"footnotes":""},"yoast_head":"<!-- This site is optimized with the Yoast SEO plugin v22.8 - https:\/\/yoast.com\/wordpress\/plugins\/seo\/ -->\n<title>Acc\u00e8s - Pascal Jusot - Artisan sabotier<\/title>\n<meta name=\"description\" content=\"Comment acc\u00e9der \u00e0 l&#039;atelier du sabotier Pascal Jusot, dans la vall\u00e9e de Bethmale en Ari\u00e8ge, Pyr\u00e9n\u00e9es\" \/>\n<meta name=\"robots\" content=\"index, follow, max-snippet:-1, max-image-preview:large, max-video-preview:-1\" \/>\n<link rel=\"canonical\" href=\"http:\/\/artisan-bois-sabots.fr\/wp\/?page_id=58\" \/>\n<meta property=\"og:locale\" content=\"fr_FR\" \/>\n<meta property=\"og:type\" content=\"article\" \/>\n<meta property=\"og:title\" content=\"Acc\u00e8s - Pascal Jusot - Artisan sabotier\" \/>\n<meta property=\"og:description\" content=\"Comment acc\u00e9der \u00e0 l&#039;atelier du sabotier Pascal Jusot, dans la vall\u00e9e de Bethmale en Ari\u00e8ge, Pyr\u00e9n\u00e9es\" \/>\n<meta property=\"og:url\" content=\"http:\/\/artisan-bois-sabots.fr\/wp\/?page_id=58\" \/>\n<meta property=\"og:site_name\" content=\"Pascal Jusot - Artisan sabotier\" \/>\n<meta property=\"article:modified_time\" content=\"2014-10-17T05:43:05+00:00\" \/>\n<script type=\"application\/ld+json\" class=\"yoast-schema-graph\">{\"@context\":\"https:\/\/schema.org\",\"@graph\":[{\"@type\":\"WebPage\",\"@id\":\"http:\/\/artisan-bois-sabots.fr\/wp\/?page_id=58\",\"url\":\"http:\/\/artisan-bois-sabots.fr\/wp\/?page_id=58\",\"name\":\"Acc\u00e8s - Pascal Jusot - Artisan sabotier\",\"isPartOf\":{\"@id\":\"http:\/\/artisan-bois-sabots.fr\/wp\/#website\"},\"datePublished\":\"2014-04-13T19:05:14+00:00\",\"dateModified\":\"2014-10-17T05:43:05+00:00\",\"description\":\"Comment acc\u00e9der \u00e0 l'atelier du sabotier Pascal Jusot, dans la vall\u00e9e de Bethmale en Ari\u00e8ge, Pyr\u00e9n\u00e9es\",\"breadcrumb\":{\"@id\":\"http:\/\/artisan-bois-sabots.fr\/wp\/?page_id=58#breadcrumb\"},\"inLanguage\":\"fr-FR\",\"potentialAction\":[{\"@type\":\"ReadAction\",\"target\":[\"http:\/\/artisan-bois-sabots.fr\/wp\/?page_id=58\"]}]},{\"@type\":\"BreadcrumbList\",\"@id\":\"http:\/\/artisan-bois-sabots.fr\/wp\/?page_id=58#breadcrumb\",\"itemListElement\":[{\"@type\":\"ListItem\",\"position\":1,\"name\":\"Accueil\",\"item\":\"http:\/\/artisan-bois-sabots.fr\/wp\"},{\"@type\":\"ListItem\",\"position\":2,\"name\":\"Acc\u00e8s\"}]},{\"@type\":\"WebSite\",\"@id\":\"http:\/\/artisan-bois-sabots.fr\/wp\/#website\",\"url\":\"http:\/\/artisan-bois-sabots.fr\/wp\/\",\"name\":\"Pascal Jusot - Artisan sabotier\",\"description\":\"Sabots en bois - Ari\u00e8ge - Pyr\u00e9n\u00e9es\",\"potentialAction\":[{\"@type\":\"SearchAction\",\"target\":{\"@type\":\"EntryPoint\",\"urlTemplate\":\"http:\/\/artisan-bois-sabots.fr\/wp\/?s={search_term_string}\"},\"query-input\":\"required name=search_term_string\"}],\"inLanguage\":\"fr-FR\"}]}<\/script>\n<!-- \/ Yoast SEO plugin. -->","yoast_head_json":{"title":"Acc\u00e8s - Pascal Jusot - Artisan sabotier","description":"Comment acc\u00e9der \u00e0 l'atelier du sabotier Pascal Jusot, dans la vall\u00e9e de Bethmale en Ari\u00e8ge, Pyr\u00e9n\u00e9es","robots":{"index":"index","follow":"follow","max-snippet":"max-snippet:-1","max-image-preview":"max-image-preview:large","max-video-preview":"max-video-preview:-1"},"canonical":"http:\/\/artisan-bois-sabots.fr\/wp\/?page_id=58","og_locale":"fr_FR","og_type":"article","og_title":"Acc\u00e8s - Pascal Jusot - Artisan sabotier","og_description":"Comment acc\u00e9der \u00e0 l'atelier du sabotier Pascal Jusot, dans la vall\u00e9e de Bethmale en Ari\u00e8ge, Pyr\u00e9n\u00e9es","og_url":"http:\/\/artisan-bois-sabots.fr\/wp\/?page_id=58","og_site_name":"Pascal Jusot - Artisan sabotier","article_modified_time":"2014-10-17T05:43:05+00:00","schema":{"@context":"https:\/\/schema.org","@graph":[{"@type":"WebPage","@id":"http:\/\/artisan-bois-sabots.fr\/wp\/?page_id=58","url":"http:\/\/artisan-bois-sabots.fr\/wp\/?page_id=58","name":"Acc\u00e8s - Pascal Jusot - Artisan sabotier","isPartOf":{"@id":"http:\/\/artisan-bois-sabots.fr\/wp\/#website"},"datePublished":"2014-04-13T19:05:14+00:00","dateModified":"2014-10-17T05:43:05+00:00","description":"Comment acc\u00e9der \u00e0 l'atelier du sabotier Pascal Jusot, dans la vall\u00e9e de Bethmale en Ari\u00e8ge, Pyr\u00e9n\u00e9es","breadcrumb":{"@id":"http:\/\/artisan-bois-sabots.fr\/wp\/?page_id=58#breadcrumb"},"inLanguage":"fr-FR","potentialAction":[{"@type":"ReadAction","target":["http:\/\/artisan-bois-sabots.fr\/wp\/?page_id=58"]}]},{"@type":"BreadcrumbList","@id":"http:\/\/artisan-bois-sabots.fr\/wp\/?page_id=58#breadcrumb","itemListElement":[{"@type":"ListItem","position":1,"name":"Accueil","item":"http:\/\/artisan-bois-sabots.fr\/wp"},{"@type":"ListItem","position":2,"name":"Acc\u00e8s"}]},{"@type":"WebSite","@id":"http:\/\/artisan-bois-sabots.fr\/wp\/#website","url":"http:\/\/artisan-bois-sabots.fr\/wp\/","name":"Pascal Jusot - Artisan sabotier","description":"Sabots en bois - Ari\u00e8ge - Pyr\u00e9n\u00e9es","potentialAction":[{"@type":"SearchAction","target":{"@type":"EntryPoint","urlTemplate":"http:\/\/artisan-bois-sabots.fr\/wp\/?s={search_term_string}"},"query-input":"required name=search_term_string"}],"inLanguage":"fr-FR"}]}},"_links":{"self":[{"href":"http:\/\/artisan-bois-sabots.fr\/wp\/index.php?rest_route=\/wp\/v2\/pages\/58"}],"collection":[{"href":"http:\/\/artisan-bois-sabots.fr\/wp\/index.php?rest_route=\/wp\/v2\/pages"}],"about":[{"href":"http:\/\/artisan-bois-sabots.fr\/wp\/index.php?rest_route=\/wp\/v2\/types\/page"}],"author":[{"embeddable":true,"href":"http:\/\/artisan-bois-sabots.fr\/wp\/index.php?rest_route=\/wp\/v2\/users\/1"}],"replies":[{"embeddable":true,"href":"http:\/\/artisan-bois-sabots.fr\/wp\/index.php?rest_route=%2Fwp%2Fv2%2Fcomments&post=58"}],"version-history":[{"count":2,"href":"http:\/\/artisan-bois-sabots.fr\/wp\/index.php?rest_route=\/wp\/v2\/pages\/58\/revisions"}],"predecessor-version":[{"id":260,"href":"http:\/\/artisan-bois-sabots.fr\/wp\/index.php?rest_route=\/wp\/v2\/pages\/58\/revisions\/260"}],"wp:attachment":[{"href":"http:\/\/artisan-bois-sabots.fr\/wp\/index.php?rest_route=%2Fwp%2Fv2%2Fmedia&parent=58"}],"curies":[{"name":"wp","href":"https:\/\/api.w.org\/{rel}","templated":true}]}}